{"id":20424,"date":"2019-06-19T20:08:47","date_gmt":"2019-06-20T01:08:47","guid":{"rendered":"https:\/\/sunrisebanks.com\/certificados-de-deposito\/"},"modified":"2019-06-19T20:08:47","modified_gmt":"2019-06-20T01:08:47","slug":"certificados-de-deposito","status":"publish","type":"page","link":"https:\/\/sunrisebanks.com\/es\/certificados-de-deposito\/","title":{"rendered":"Certificados de Dep\u00f3sito"},"content":{"rendered":null,"protected":false},"excerpt":{"rendered":"<p>Las Cuentas de Certificados de Dep\u00f3sito de Sunrise Banks le ayudan a ahorrar m\u00e1s con tasas de rendimiento m\u00e1s altas y predecibles.<\/p>\n","protected":false},"author":1,"featured_media":0,"parent":0,"menu_order":0,"comment_status":"closed","ping_status":"closed","template":"page-product.php","meta":{"_acf_changed":false,"footnotes":""},"offering":[42],"class_list":["post-20424","page","type-page","status-publish","hentry","offering-products"],"acf":{"content_blocks":[{"acf_fc_layout":"product_banner","heading_1":"Servicios Adicionales","heading_2":"Certificados de Dep\u00f3sito","button":{"title":"Certificados de Dep\u00f3sito","url":"https:\/\/sunrisebanks.com\/es\/certificados-de-deposito\/","target":""},"button_aria_label":"Cont\u00e1ctenos para abrir una cuenta","button_subtext":"","background_image":{"ID":20426,"id":20426,"title":"African American family sitting at kitchen table with piggy bank","filename":"shutterstock_2021632787-scaled-e1714064575978.jpg","filesize":173898,"url":"https:\/\/sunrisebanks.com\/wp-content\/uploads\/2024\/04\/shutterstock_2021632787-scaled-e1714064575978.jpg","link":"https:\/\/sunrisebanks.com\/es\/certificados-de-deposito\/smilingyoungafricanamericanfamilywithdaughtersavemoneyin-3\/","alt":"African American family sitting at kitchen table with piggy bank","author":"38","description":"","caption":"","name":"smilingyoungafricanamericanfamilywithdaughtersavemoneyin-3","status":"inherit","uploaded_to":20424,"date":"2024-04-25 17:01:34","modified":"2024-04-25 17:01:34","menu_order":0,"mime_type":"image\/jpeg","type":"image","subtype":"jpeg","icon":"https:\/\/sunrisebanks.com\/wp-includes\/images\/media\/default.png","width":1920,"height":896,"sizes":{"thumbnail":"https:\/\/sunrisebanks.com\/wp-content\/uploads\/2024\/04\/shutterstock_2021632787-scaled-e1714064575978-150x150.jpg","thumbnail-width":150,"thumbnail-height":150,"medium":"https:\/\/sunrisebanks.com\/wp-content\/uploads\/2024\/04\/shutterstock_2021632787-scaled-e1714064575978-300x140.jpg","medium-width":300,"medium-height":140,"medium_large":"https:\/\/sunrisebanks.com\/wp-content\/uploads\/2024\/04\/shutterstock_2021632787-scaled-e1714064575978-768x358.jpg","medium_large-width":640,"medium_large-height":298,"large":"https:\/\/sunrisebanks.com\/wp-content\/uploads\/2024\/04\/shutterstock_2021632787-scaled-e1714064575978-1024x478.jpg","large-width":640,"large-height":299,"1536x1536":"https:\/\/sunrisebanks.com\/wp-content\/uploads\/2024\/04\/shutterstock_2021632787-scaled-e1714064575978-1536x717.jpg","1536x1536-width":1536,"1536x1536-height":717,"2048x2048":"https:\/\/sunrisebanks.com\/wp-content\/uploads\/2024\/04\/shutterstock_2021632787-2048x1365.jpg","2048x2048-width":2048,"2048x2048-height":1365,"full-width":"https:\/\/sunrisebanks.com\/wp-content\/uploads\/2024\/04\/shutterstock_2021632787-1620x1080.jpg","full-width-width":1620,"full-width-height":1080,"gform-image-choice-sm":"https:\/\/sunrisebanks.com\/wp-content\/uploads\/2024\/04\/shutterstock_2021632787-scaled-e1714064575978.jpg","gform-image-choice-sm-width":300,"gform-image-choice-sm-height":140,"gform-image-choice-md":"https:\/\/sunrisebanks.com\/wp-content\/uploads\/2024\/04\/shutterstock_2021632787-scaled-e1714064575978.jpg","gform-image-choice-md-width":400,"gform-image-choice-md-height":187,"gform-image-choice-lg":"https:\/\/sunrisebanks.com\/wp-content\/uploads\/2024\/04\/shutterstock_2021632787-scaled-e1714064575978.jpg","gform-image-choice-lg-width":600,"gform-image-choice-lg-height":280}}},{"acf_fc_layout":"product_intro","section_id":"","background_color":"white","copy":"<p>Las Cuentas de Certificados de Dep\u00f3sito (CD) de Sunrise Banks le ayudan a ahorrar m\u00e1s con tasas de rendimiento m\u00e1s altas y predecibles. Con un CD, usted puede elegir un per\u00edodo de tiempo determinado para obtener una tasa de inter\u00e9s fija garantizada que es m\u00e1s alta que la tasa de la mayor\u00eda de las cuentas de ahorro personales. Obtenga tasas m\u00e1s altas mientras invierte en su futuro.<\/p>\n","featured_items":false,"section_title":"","links":false},{"acf_fc_layout":"product_checkmarks","section_id":"","background_color":"gray","copy":"<h2>Beneficios del Certificado de Dep\u00f3sito<\/h2>\n","items":[{"title":"Plazos flexibles","description":"<p>Inversi\u00f3n a largo o corto plazo con tasas predecibles. Ofrecemos plazos de 3, 6, 12, 24, 36, 48 y 60 meses.<\/p>\n","icons":false},{"title":"Tranquilidad","description":"<p>Todas las cuentas est\u00e1n aseguradas por la FDIC hasta $250,000.<\/p>\n","icons":false},{"title":"Tasas competitivas","description":"","icons":false},{"title":"Saldo m\u00ednimo bajo","description":"","icons":false},{"title":"Puede ayudarle a ahorrar para una fecha o evento espec\u00edfico.","description":"","icons":false},{"title":"Sin cargos mensuales[link type=\"footnote\" url=\"#footnote-1\" title=\"1\" arialabel=\"Footnote 1\"]","description":"","icons":false}],"outro":""},{"acf_fc_layout":"product_plain_text","section_id":"","background_color":"white","copy":"<h2 id=\"account\">Tarifas vigentes<\/h2>\n\n<table id=\"tablepress-31\" class=\"tablepress tablepress-id-31 tab-table\">\n<thead>\n<tr class=\"row-1\">\n\t<th class=\"column-1\" scope=\"col\">CD Term<a class=\"footnote d-inline-flex align-items-center\" href=\"#footnote-2\" target=\"\" aria-label=\"Footnote 2\">2<\/a><\/th><th class=\"column-2\" scope=\"col\">Minimum Balance to Open the Account<\/th><th class=\"column-3\" scope=\"col\">Minimum Balance to Obtain the APY<\/th><th class=\"column-4\" scope=\"col\">Interest Rate<\/th><th class=\"column-5\" scope=\"col\">Annual Percentage Yield (APY)<\/th><th class=\"column-6\" scope=\"col\">Personal Accounts<\/th><th class=\"column-7\" scope=\"col\">Business Accounts<\/th>\n<\/tr>\n<\/thead>\n<tbody class=\"row-striping row-hover\">\n<tr class=\"row-2\">\n\t<td class=\"column-1\" scope=\"row\">6 Month<a class=\"footnote d-inline-flex align-items-center\" href=\"#footnote-3\" target=\"\" aria-label=\"Footnote 3\">3<\/a><\/td><td class=\"column-2\">$500<\/td><td class=\"column-3\">$500<\/td><td class=\"column-4\">3.75%<\/td><td class=\"column-5\">3.80%<\/td><td class=\"column-6\"><a href=\"https:\/\/sunrise-nextgen.my.site.com\/nPortal__SelfRegistration?core==es5?product=a45Hr000000UJoj\">Apply Online<\/a><\/td><td class=\"column-7\"><a href=\"https:\/\/sunrise-nextgen.my.site.com\/nPortal__SelfRegistration?core==es5?product=a45Hr000000UJpV\">Apply Online<\/a><\/td>\n<\/tr>\n<tr class=\"row-3\">\n\t<td class=\"column-1\" scope=\"row\">12 Month<a class=\"footnote d-inline-flex align-items-center\" href=\"#footnote-3\" target=\"\" aria-label=\"Footnote 3\">3<\/a><\/td><td class=\"column-2\">$500<\/td><td class=\"column-3\">$500<\/td><td class=\"column-4\">3.25%<\/td><td class=\"column-5\">3.29%<\/td><td class=\"column-6\"><a href=\"https:\/\/sunrise-nextgen.my.site.com\/nPortal__SelfRegistration?core==es5?product=a45Hr000000UJok\">Apply Online<\/a><\/td><td class=\"column-7\"><a href=\"https:\/\/sunrise-nextgen.my.site.com\/nPortal__SelfRegistration?core==es5?product=a45Hr000000UJpW\">Apply Online<\/a><\/td>\n<\/tr>\n<tr class=\"row-4\">\n\t<td class=\"column-1\" scope=\"row\">24 Month<a class=\"footnote d-inline-flex align-items-center\" href=\"#footnote-3\" target=\"\" aria-label=\"Footnote 3\">3<\/a><\/td><td class=\"column-2\">$500<\/td><td class=\"column-3\">$500<\/td><td class=\"column-4\">2.75%<\/td><td class=\"column-5\">2.78%<\/td><td class=\"column-6\"><a href=\"https:\/\/sunrise-nextgen.my.site.com\/nPortal__SelfRegistration?core==es5?product=a45Hr000000UJol\">Apply Online<\/a><\/td><td class=\"column-7\"><a href=\"https:\/\/sunrise-nextgen.my.site.com\/nPortal__SelfRegistration?core==es5?product=a45Hr000000UJpX\">Apply Online<\/a><\/td>\n<\/tr>\n<\/tbody>\n<\/table>\n<!-- #tablepress-31 from cache -->\n<h3>Comun\u00edquese con un empleado del banco para obtener informaci\u00f3n sobre otros plazos para los Certificados de Dep\u00f3sito.<\/h3>\n<a class=\"button d-inline-flex align-items-center\" href=\"https:\/\/sunrisebanks.com\/contact\/\" target=\"\" aria-label=\"Cont\u00e1ctenos\">Cont\u00e1ctenos<\/a>\n"},{"acf_fc_layout":"product_accordions","section_id":"","background_color":"gray","section_title":"<h3>M\u00e1s informaci\u00f3n sobre los Certificados de Dep\u00f3sito<\/h3>\n<p>\u00a0<\/p>\n","accordions":[{"title":"\u00bfQu\u00e9 es un Certificado de Dep\u00f3sito (CD)?","intro":"<p>Si est\u00e1 ahorrando para una compra o un evento importante, un CD podr\u00eda ser adecuado para usted. Los Certificados de Dep\u00f3sito ofrecen mejores rendimientos que las cuentas de ahorro tradicionales y est\u00e1n libres de riesgos para cualquier persona que pueda mantener sus fondos invertidos durante un per\u00edodo fijo. Es importante tener en cuenta que los CD no son para ahorrar a corto plazo, sino un elemento b\u00e1sico importante para la planificaci\u00f3n a largo plazo. Mas informaci\u00f3n sobre c\u00f3mo puede hacer crecer su cuenta bancaria con un Certificado de Dep\u00f3sito.<\/p>\n<p><span class=\"s1\"><a class=\"button d-inline-flex align-items-center\" href=\"https:\/\/sunrisebanks.com\/stories\/certificates-of-deposit-an-introduction-to-cds\/\" target=\"\" aria-label=\"M\u00e1s informaci\u00f3n sobre Certificados de Dep\u00f3sito\">M\u00e1s informaci\u00f3n sobre Certificados de Dep\u00f3sito<\/a>\u00a0<\/span><\/p>\n","features":false,"sub_title":"","additional_info_1":"","additional_info_2":""},{"title":"\u00bfCu\u00e1nto inter\u00e9s devenga un CD?","intro":"<p>Los certificados de dep\u00f3sito son una de las opciones m\u00e1s seguras para guardar su dinero en efectivo y ahora generan intereses m\u00e1s altos que en la \u00faltima d\u00e9cada. Nuestra calculadora de intereses puede demostrarle c\u00f3mo puede aumentar su portafolio de ahorros con los Certificados de Dep\u00f3sito.<span class=\"s1\"><a class=\"button d-inline-flex align-items-center\" href=\"https:\/\/sunrisebanks.banzai.org\/wellness\/resources\/cd-certificate-of-deposit\" target=\"\" aria-label=\"Consulte nuestra calculadora de intereses\">Consulte nuestra calculadora de intereses<\/a>\u00a0<\/span><\/p>\n","features":false,"sub_title":"","additional_info_1":"","additional_info_2":""},{"title":"\u00bfLos Certificados de Dep\u00f3sito son cuentas de ahorro?","intro":"<p>Las cuentas de certificados de dep\u00f3sito suelen ser fundamentales dentro de los planes de jubilaci\u00f3n. Sin embargo, hay muchas otras cuentas de ahorro que quiz\u00e1s quiera considerar. Distintos veh\u00edculos de ahorro son m\u00e1s adecuados para distintos objetivos de ahorro, como ahorrar para una compra grande, un fondo de emergencia o la matr\u00edcula de la universidad.<span class=\"s1\"><a class=\"button d-inline-flex align-items-center\" href=\"https:\/\/sunrisebanks.banzai.org\/wellness\/resources\/savings-accounts\" target=\"\" aria-label=\"M\u00e1s informaci\u00f3n sobre los tipos de cuentas de ahorro\">M\u00e1s informaci\u00f3n sobre los tipos de cuentas de ahorro<\/a>\u00a0<\/span><\/p>\n","features":false,"sub_title":"","additional_info_1":"","additional_info_2":""},{"title":"Proteja sus cuentas de alto nivel con el Servicio de Registro de Cuentas de Certificados de Dep\u00f3sito (CDARS)","intro":"<p>Un\u00a0Servicio de Registro de Cuentas de Certificados de Dep\u00f3sito (CDARS\u00ae) le brinda protecci\u00f3n de alto nivel ya que le permite distribuir sus inversiones entre m\u00faltiples cuentas de CD en diferentes bancos, protegi\u00e9ndolas de la quiebra catastr\u00f3fica de un banco. Sin embargo, todas las cuentas se administran bajo un mismo paraguas con Sunrise Banks, el banco en el que usted ya sabe que puede confiar.<\/p>\n<p>Sabemos que su principal preocupaci\u00f3n es garantizar que su dinero est\u00e9 seguro, y esa es nuestra misi\u00f3n. Si usted es un s\u00faper ahorrador, algunos de sus dep\u00f3sitos podr\u00edan exceder los l\u00edmites especificados en su cuenta para protegerse de la quiebra de un banco que afecte sus objetivos de ahorro. \u00a1Obtenga m\u00e1s informaci\u00f3n sobre CDARS hoy!<\/p>\n<p><span class=\"s1\"><a class=\"button d-inline-flex align-items-center\" href=\"https:\/\/sunrisebanks.com\/stories\/why-use-cdars-and-ics-to-protect-your-high-level-accounts\/\" target=\"\" aria-label=\"M\u00e1s informaci\u00f3n sobre protecci\u00f3n de cuentas de alto nivel\">M\u00e1s informaci\u00f3n<\/a>\u00a0<\/span><\/p>\n","features":false,"sub_title":"","additional_info_1":"","additional_info_2":""}]},{"acf_fc_layout":"product_contact_blurb","section_id":"","copy":"<h2>Cont\u00e1ctenos para obtener informaci\u00f3n sobre las Cuentas de Certificados de Dep\u00f3sito<\/h2>\n<p><a href=\"tel:(651) 265-5600\" target=\"_blank\" rel=\"noopener\">(651) 265-5600\u00a0 <i class=\"fa fa-external-link\"><span class=\"sr-only\">Enlace externo<\/span><\/i><\/a><\/p>\n<hr \/>\n<p>O env\u00edenos un mensaje<\/p>\n<p class=\"p1\"><span class=\"s1\"><a class=\"button d-inline-flex align-items-center\" href=\"https:\/\/sunrisebanks.com\/contact\/#helloform\" target=\"\" aria-label=\"Env\u00edenos un mensaje para obtener m\u00e1s informaci\u00f3n\">Cont\u00e1ctenos<\/a><\/span><\/p>\n"},{"acf_fc_layout":"product_footnotes","section_id":"","background_color":"white","footnotes":false}]},"yoast_head":"<!-- This site is optimized with the Yoast SEO plugin v26.4 - https:\/\/yoast.com\/wordpress\/plugins\/seo\/ -->\n<title>Cuentas de Certificados de Dep\u00f3sito | Sunrise Banks, MN<\/title>\n<meta name=\"description\" content=\"Los Certificados de Dep\u00f3sito son cuentas bancarias con tasas de inter\u00e9s m\u00e1s altas que las cuentas de ahorro est\u00e1ndar. Averig\u00fce si abrir una Cuenta de Certificados de Dep\u00f3sito en Sunrise Banks es la opci\u00f3n adecuada para usted.\" \/>\n<meta name=\"robots\" content=\"index, follow, max-snippet:-1, max-image-preview:large, max-video-preview:-1\" \/>\n<link rel=\"canonical\" href=\"https:\/\/sunrisebanks.com\/es\/certificados-de-deposito\/\" \/>\n<meta property=\"og:locale\" content=\"es_ES\" \/>\n<meta property=\"og:type\" content=\"article\" \/>\n<meta property=\"og:title\" content=\"Cuentas de Certificados de Dep\u00f3sito | Sunrise Banks, MN\" \/>\n<meta property=\"og:description\" content=\"Los Certificados de Dep\u00f3sito son cuentas bancarias con tasas de inter\u00e9s m\u00e1s altas que las cuentas de ahorro est\u00e1ndar. Averig\u00fce si abrir una Cuenta de Certificados de Dep\u00f3sito en Sunrise Banks es la opci\u00f3n adecuada para usted.\" \/>\n<meta property=\"og:url\" content=\"https:\/\/sunrisebanks.com\/es\/certificados-de-deposito\/\" \/>\n<meta property=\"og:site_name\" content=\"Sunrise Banks\" \/>\n<meta property=\"article:publisher\" content=\"https:\/\/www.facebook.com\/SunriseBanks\" \/>\n<meta name=\"twitter:card\" content=\"summary_large_image\" \/>\n<meta name=\"twitter:site\" content=\"@SunriseBanks\" \/>\n<script type=\"application\/ld+json\" class=\"yoast-schema-graph\">{\"@context\":\"https:\/\/schema.org\",\"@graph\":[{\"@type\":\"WebPage\",\"@id\":\"https:\/\/sunrisebanks.com\/es\/certificados-de-deposito\/\",\"url\":\"https:\/\/sunrisebanks.com\/es\/certificados-de-deposito\/\",\"name\":\"Cuentas de Certificados de Dep\u00f3sito | Sunrise Banks, MN\",\"isPartOf\":{\"@id\":\"https:\/\/sunrisebanks.com\/es\/#website\"},\"datePublished\":\"2019-06-20T01:08:47+00:00\",\"description\":\"Los Certificados de Dep\u00f3sito son cuentas bancarias con tasas de inter\u00e9s m\u00e1s altas que las cuentas de ahorro est\u00e1ndar. Averig\u00fce si abrir una Cuenta de Certificados de Dep\u00f3sito en Sunrise Banks es la opci\u00f3n adecuada para usted.\",\"breadcrumb\":{\"@id\":\"https:\/\/sunrisebanks.com\/es\/certificados-de-deposito\/#breadcrumb\"},\"inLanguage\":\"es\",\"potentialAction\":[{\"@type\":\"ReadAction\",\"target\":[\"https:\/\/sunrisebanks.com\/es\/certificados-de-deposito\/\"]}]},{\"@type\":\"BreadcrumbList\",\"@id\":\"https:\/\/sunrisebanks.com\/es\/certificados-de-deposito\/#breadcrumb\",\"itemListElement\":[{\"@type\":\"ListItem\",\"position\":1,\"name\":\"Home\",\"item\":\"https:\/\/sunrisebanks.com\/es\/\"},{\"@type\":\"ListItem\",\"position\":2,\"name\":\"Certificados de Dep\u00f3sito\"}]},{\"@type\":\"WebSite\",\"@id\":\"https:\/\/sunrisebanks.com\/es\/#website\",\"url\":\"https:\/\/sunrisebanks.com\/es\/\",\"name\":\"Sunrise Banks\",\"description\":\"\",\"publisher\":{\"@id\":\"https:\/\/sunrisebanks.com\/es\/#organization\"},\"potentialAction\":[{\"@type\":\"SearchAction\",\"target\":{\"@type\":\"EntryPoint\",\"urlTemplate\":\"https:\/\/sunrisebanks.com\/es\/?s={search_term_string}\"},\"query-input\":{\"@type\":\"PropertyValueSpecification\",\"valueRequired\":true,\"valueName\":\"search_term_string\"}}],\"inLanguage\":\"es\"},{\"@type\":\"Organization\",\"@id\":\"https:\/\/sunrisebanks.com\/es\/#organization\",\"name\":\"Sunrise Banks\",\"url\":\"https:\/\/sunrisebanks.com\/es\/\",\"logo\":{\"@type\":\"ImageObject\",\"inLanguage\":\"es\",\"@id\":\"https:\/\/sunrisebanks.com\/es\/#\/schema\/logo\/image\/\",\"url\":\"https:\/\/sunrisebanks.com\/wp-content\/uploads\/2025\/02\/SB_Logo_Horizontal_FullColor_Twilight_RGB_website.svg\",\"contentUrl\":\"https:\/\/sunrisebanks.com\/wp-content\/uploads\/2025\/02\/SB_Logo_Horizontal_FullColor_Twilight_RGB_website.svg\",\"width\":240,\"height\":69,\"caption\":\"Sunrise Banks\"},\"image\":{\"@id\":\"https:\/\/sunrisebanks.com\/es\/#\/schema\/logo\/image\/\"},\"sameAs\":[\"https:\/\/www.facebook.com\/SunriseBanks\",\"https:\/\/x.com\/SunriseBanks\",\"https:\/\/www.linkedin.com\/company\/957063\/admin\/\",\"https:\/\/www.instagram.com\/sunrisebanks\/\"]}]}<\/script>\n<!-- \/ Yoast SEO plugin. -->","yoast_head_json":{"title":"Cuentas de Certificados de Dep\u00f3sito | Sunrise Banks, MN","description":"Los Certificados de Dep\u00f3sito son cuentas bancarias con tasas de inter\u00e9s m\u00e1s altas que las cuentas de ahorro est\u00e1ndar. Averig\u00fce si abrir una Cuenta de Certificados de Dep\u00f3sito en Sunrise Banks es la opci\u00f3n adecuada para usted.","robots":{"index":"index","follow":"follow","max-snippet":"max-snippet:-1","max-image-preview":"max-image-preview:large","max-video-preview":"max-video-preview:-1"},"canonical":"https:\/\/sunrisebanks.com\/es\/certificados-de-deposito\/","og_locale":"es_ES","og_type":"article","og_title":"Cuentas de Certificados de Dep\u00f3sito | Sunrise Banks, MN","og_description":"Los Certificados de Dep\u00f3sito son cuentas bancarias con tasas de inter\u00e9s m\u00e1s altas que las cuentas de ahorro est\u00e1ndar. Averig\u00fce si abrir una Cuenta de Certificados de Dep\u00f3sito en Sunrise Banks es la opci\u00f3n adecuada para usted.","og_url":"https:\/\/sunrisebanks.com\/es\/certificados-de-deposito\/","og_site_name":"Sunrise Banks","article_publisher":"https:\/\/www.facebook.com\/SunriseBanks","twitter_card":"summary_large_image","twitter_site":"@SunriseBanks","schema":{"@context":"https:\/\/schema.org","@graph":[{"@type":"WebPage","@id":"https:\/\/sunrisebanks.com\/es\/certificados-de-deposito\/","url":"https:\/\/sunrisebanks.com\/es\/certificados-de-deposito\/","name":"Cuentas de Certificados de Dep\u00f3sito | Sunrise Banks, MN","isPartOf":{"@id":"https:\/\/sunrisebanks.com\/es\/#website"},"datePublished":"2019-06-20T01:08:47+00:00","description":"Los Certificados de Dep\u00f3sito son cuentas bancarias con tasas de inter\u00e9s m\u00e1s altas que las cuentas de ahorro est\u00e1ndar. Averig\u00fce si abrir una Cuenta de Certificados de Dep\u00f3sito en Sunrise Banks es la opci\u00f3n adecuada para usted.","breadcrumb":{"@id":"https:\/\/sunrisebanks.com\/es\/certificados-de-deposito\/#breadcrumb"},"inLanguage":"es","potentialAction":[{"@type":"ReadAction","target":["https:\/\/sunrisebanks.com\/es\/certificados-de-deposito\/"]}]},{"@type":"BreadcrumbList","@id":"https:\/\/sunrisebanks.com\/es\/certificados-de-deposito\/#breadcrumb","itemListElement":[{"@type":"ListItem","position":1,"name":"Home","item":"https:\/\/sunrisebanks.com\/es\/"},{"@type":"ListItem","position":2,"name":"Certificados de Dep\u00f3sito"}]},{"@type":"WebSite","@id":"https:\/\/sunrisebanks.com\/es\/#website","url":"https:\/\/sunrisebanks.com\/es\/","name":"Sunrise Banks","description":"","publisher":{"@id":"https:\/\/sunrisebanks.com\/es\/#organization"},"potentialAction":[{"@type":"SearchAction","target":{"@type":"EntryPoint","urlTemplate":"https:\/\/sunrisebanks.com\/es\/?s={search_term_string}"},"query-input":{"@type":"PropertyValueSpecification","valueRequired":true,"valueName":"search_term_string"}}],"inLanguage":"es"},{"@type":"Organization","@id":"https:\/\/sunrisebanks.com\/es\/#organization","name":"Sunrise Banks","url":"https:\/\/sunrisebanks.com\/es\/","logo":{"@type":"ImageObject","inLanguage":"es","@id":"https:\/\/sunrisebanks.com\/es\/#\/schema\/logo\/image\/","url":"https:\/\/sunrisebanks.com\/wp-content\/uploads\/2025\/02\/SB_Logo_Horizontal_FullColor_Twilight_RGB_website.svg","contentUrl":"https:\/\/sunrisebanks.com\/wp-content\/uploads\/2025\/02\/SB_Logo_Horizontal_FullColor_Twilight_RGB_website.svg","width":240,"height":69,"caption":"Sunrise Banks"},"image":{"@id":"https:\/\/sunrisebanks.com\/es\/#\/schema\/logo\/image\/"},"sameAs":["https:\/\/www.facebook.com\/SunriseBanks","https:\/\/x.com\/SunriseBanks","https:\/\/www.linkedin.com\/company\/957063\/admin\/","https:\/\/www.instagram.com\/sunrisebanks\/"]}]}},"_links":{"self":[{"href":"https:\/\/sunrisebanks.com\/es\/wp-json\/wp\/v2\/pages\/20424","targetHints":{"allow":["GET"]}}],"collection":[{"href":"https:\/\/sunrisebanks.com\/es\/wp-json\/wp\/v2\/pages"}],"about":[{"href":"https:\/\/sunrisebanks.com\/es\/wp-json\/wp\/v2\/types\/page"}],"author":[{"embeddable":true,"href":"https:\/\/sunrisebanks.com\/es\/wp-json\/wp\/v2\/users\/1"}],"replies":[{"embeddable":true,"href":"https:\/\/sunrisebanks.com\/es\/wp-json\/wp\/v2\/comments?post=20424"}],"version-history":[{"count":0,"href":"https:\/\/sunrisebanks.com\/es\/wp-json\/wp\/v2\/pages\/20424\/revisions"}],"wp:attachment":[{"href":"https:\/\/sunrisebanks.com\/es\/wp-json\/wp\/v2\/media?parent=20424"}],"wp:term":[{"taxonomy":"offering","embeddable":true,"href":"https:\/\/sunrisebanks.com\/es\/wp-json\/wp\/v2\/offering?post=20424"}],"curies":[{"name":"wp","href":"https:\/\/api.w.org\/{rel}","templated":true}]}}