{"id":20451,"date":"2020-04-10T09:47:32","date_gmt":"2020-04-10T14:47:32","guid":{"rendered":"https:\/\/sunrisebanks.com\/herramientas-de-bienestar-financiero\/"},"modified":"2020-04-10T09:47:32","modified_gmt":"2020-04-10T14:47:32","slug":"herramientas-de-bienestar-financiero","status":"publish","type":"page","link":"https:\/\/sunrisebanks.com\/es\/herramientas-de-bienestar-financiero\/","title":{"rendered":"Herramientas de Bienestar Financiero"},"content":{"rendered":null,"protected":false},"excerpt":{"rendered":"","protected":false},"author":28,"featured_media":0,"parent":0,"menu_order":0,"comment_status":"closed","ping_status":"closed","template":"page-resources.php","meta":{"_acf_changed":false,"footnotes":""},"offering":[43],"class_list":["post-20451","page","type-page","status-publish","hentry","offering-services"],"acf":{"content_blocks":[{"acf_fc_layout":"resources_banner","heading_1":"Recursos","heading_2":"Herramientas de Bienestar Financiero","background_image":{"ID":3721,"id":3721,"title":"Person writing on notepad with Sunrise Banks spiral notebook","filename":"SB_Corporate_239_OPT-1.jpg","filesize":152633,"url":"https:\/\/sunrisebanks.com\/wp-content\/uploads\/2019\/06\/SB_Corporate_239_OPT-1.jpg","link":"https:\/\/sunrisebanks.com\/es\/resources\/sb_corporate_239_opt-2\/","alt":"Person writing on notepad with Sunrise Banks spiral notebook","author":"1","description":"","caption":"","name":"sb_corporate_239_opt-2","status":"inherit","uploaded_to":1887,"date":"2019-06-20 22:03:49","modified":"2025-02-07 21:13:14","menu_order":0,"mime_type":"image\/jpeg","type":"image","subtype":"jpeg","icon":"https:\/\/sunrisebanks.com\/wp-includes\/images\/media\/default.png","width":1600,"height":550,"sizes":{"thumbnail":"https:\/\/sunrisebanks.com\/wp-content\/uploads\/2019\/06\/SB_Corporate_239_OPT-1-150x150.jpg","thumbnail-width":150,"thumbnail-height":150,"medium":"https:\/\/sunrisebanks.com\/wp-content\/uploads\/2019\/06\/SB_Corporate_239_OPT-1-300x103.jpg","medium-width":300,"medium-height":103,"medium_large":"https:\/\/sunrisebanks.com\/wp-content\/uploads\/2019\/06\/SB_Corporate_239_OPT-1-768x264.jpg","medium_large-width":640,"medium_large-height":220,"large":"https:\/\/sunrisebanks.com\/wp-content\/uploads\/2019\/06\/SB_Corporate_239_OPT-1-1024x352.jpg","large-width":640,"large-height":220,"1536x1536":"https:\/\/sunrisebanks.com\/wp-content\/uploads\/2019\/06\/SB_Corporate_239_OPT-1.jpg","1536x1536-width":1536,"1536x1536-height":528,"2048x2048":"https:\/\/sunrisebanks.com\/wp-content\/uploads\/2019\/06\/SB_Corporate_239_OPT-1.jpg","2048x2048-width":1600,"2048x2048-height":550,"full-width":"https:\/\/sunrisebanks.com\/wp-content\/uploads\/2019\/06\/SB_Corporate_239_OPT-1.jpg","full-width-width":1600,"full-width-height":550,"gform-image-choice-sm":"https:\/\/sunrisebanks.com\/wp-content\/uploads\/2019\/06\/SB_Corporate_239_OPT-1.jpg","gform-image-choice-sm-width":300,"gform-image-choice-sm-height":103,"gform-image-choice-md":"https:\/\/sunrisebanks.com\/wp-content\/uploads\/2019\/06\/SB_Corporate_239_OPT-1.jpg","gform-image-choice-md-width":400,"gform-image-choice-md-height":138,"gform-image-choice-lg":"https:\/\/sunrisebanks.com\/wp-content\/uploads\/2019\/06\/SB_Corporate_239_OPT-1.jpg","gform-image-choice-lg-width":600,"gform-image-choice-lg-height":206}}},{"acf_fc_layout":"resources_plain_text","section_id":"","background_color":"white","copy":"<h2>Facturas de Tarjetas de Cr\u00e9dito. Deuda. Ahorrar para el futuro.<\/h2>\n<p>Es posible que en este momento no sean una prioridad. Pero las decisiones financieras que tome hoy pueden tener serias consecuencias en el futuro. Utilice los m\u00f3dulos a continuaci\u00f3n para aprender sobre diferentes temas financieros.<\/p>\n","spring_four_content":""},{"acf_fc_layout":"resources_plain_text","section_id":"","background_color":"gray","copy":"<h2>\u00bfSe presentan grandes cambios en el horizonte?<\/h2>\n<p>Tal vez sea momento de hacer una revisi\u00f3n de su situaci\u00f3n financiera. Su cuenta de Sunrise Banks le permite obtener asesor\u00eda financiara gratuita.<\/p>\n<a class=\"button d-inline-flex align-items-center\" href=\"https:\/\/sunrisebanks.com\/personal-banking\/financial-choice\/\" target=\"\" aria-label=\"M\u00e1s informaci\u00f3n\">M\u00e1s informaci\u00f3n<\/a>\n","spring_four_content":""},{"acf_fc_layout":"resources_buckets","section_id":"","background_color":"white","buckets":false},{"acf_fc_layout":"resources_plain_text","section_id":"","background_color":"gray","copy":"<h2>M\u00e1s informaci\u00f3n<\/h2>\n<p>\u00bfNo encuentra el tema que est\u00e1 buscando? Consulte todo nuestro contenido sobre bienestar financiero.<\/p>\n<a class=\"button d-inline-flex align-items-center\" href=\"https:\/\/sunrisebanks.learnbanzai.com\/wellness\" target=\"\" aria-label=\"Comience ahora\">Comience ahora<\/a>\n","spring_four_content":""}]},"yoast_head":"<!-- This site is optimized with the Yoast SEO plugin v26.4 - https:\/\/yoast.com\/wordpress\/plugins\/seo\/ -->\n<title>Herramientas de Educaci\u00f3n y Bienestar Financiero | Sunrise Banks<\/title>\n<meta name=\"description\" content=\"Alcanzar el bienestar financiero puede parecer una tarea abrumadora, pero los recursos de nuestro Centro de Conocimientos simplifican la elaboraci\u00f3n de presupuestos, el financiamiento y mucho m\u00e1s. D\u00e9 un paso adelante en sus finanzas.\" \/>\n<meta name=\"robots\" content=\"index, follow, max-snippet:-1, max-image-preview:large, max-video-preview:-1\" \/>\n<link rel=\"canonical\" href=\"https:\/\/sunrisebanks.com\/es\/herramientas-de-bienestar-financiero\/\" \/>\n<meta property=\"og:locale\" content=\"es_ES\" \/>\n<meta property=\"og:type\" content=\"article\" \/>\n<meta property=\"og:title\" content=\"Herramientas de Educaci\u00f3n y Bienestar Financiero | Sunrise Banks\" \/>\n<meta property=\"og:description\" content=\"Alcanzar el bienestar financiero puede parecer una tarea abrumadora, pero los recursos de nuestro Centro de Conocimientos simplifican la elaboraci\u00f3n de presupuestos, el financiamiento y mucho m\u00e1s. D\u00e9 un paso adelante en sus finanzas.\" \/>\n<meta property=\"og:url\" content=\"https:\/\/sunrisebanks.com\/es\/herramientas-de-bienestar-financiero\/\" \/>\n<meta property=\"og:site_name\" content=\"Sunrise Banks\" \/>\n<meta property=\"article:publisher\" content=\"https:\/\/www.facebook.com\/SunriseBanks\" \/>\n<meta name=\"twitter:card\" content=\"summary_large_image\" \/>\n<meta name=\"twitter:site\" content=\"@SunriseBanks\" \/>\n<script type=\"application\/ld+json\" class=\"yoast-schema-graph\">{\"@context\":\"https:\/\/schema.org\",\"@graph\":[{\"@type\":\"WebPage\",\"@id\":\"https:\/\/sunrisebanks.com\/es\/herramientas-de-bienestar-financiero\/\",\"url\":\"https:\/\/sunrisebanks.com\/es\/herramientas-de-bienestar-financiero\/\",\"name\":\"Herramientas de Educaci\u00f3n y Bienestar Financiero | Sunrise Banks\",\"isPartOf\":{\"@id\":\"https:\/\/sunrisebanks.com\/es\/#website\"},\"datePublished\":\"2020-04-10T14:47:32+00:00\",\"description\":\"Alcanzar el bienestar financiero puede parecer una tarea abrumadora, pero los recursos de nuestro Centro de Conocimientos simplifican la elaboraci\u00f3n de presupuestos, el financiamiento y mucho m\u00e1s. D\u00e9 un paso adelante en sus finanzas.\",\"breadcrumb\":{\"@id\":\"https:\/\/sunrisebanks.com\/es\/herramientas-de-bienestar-financiero\/#breadcrumb\"},\"inLanguage\":\"es\",\"potentialAction\":[{\"@type\":\"ReadAction\",\"target\":[\"https:\/\/sunrisebanks.com\/es\/herramientas-de-bienestar-financiero\/\"]}]},{\"@type\":\"BreadcrumbList\",\"@id\":\"https:\/\/sunrisebanks.com\/es\/herramientas-de-bienestar-financiero\/#breadcrumb\",\"itemListElement\":[{\"@type\":\"ListItem\",\"position\":1,\"name\":\"Home\",\"item\":\"https:\/\/sunrisebanks.com\/es\/\"},{\"@type\":\"ListItem\",\"position\":2,\"name\":\"Herramientas de Bienestar Financiero\"}]},{\"@type\":\"WebSite\",\"@id\":\"https:\/\/sunrisebanks.com\/es\/#website\",\"url\":\"https:\/\/sunrisebanks.com\/es\/\",\"name\":\"Sunrise Banks\",\"description\":\"\",\"publisher\":{\"@id\":\"https:\/\/sunrisebanks.com\/es\/#organization\"},\"potentialAction\":[{\"@type\":\"SearchAction\",\"target\":{\"@type\":\"EntryPoint\",\"urlTemplate\":\"https:\/\/sunrisebanks.com\/es\/?s={search_term_string}\"},\"query-input\":{\"@type\":\"PropertyValueSpecification\",\"valueRequired\":true,\"valueName\":\"search_term_string\"}}],\"inLanguage\":\"es\"},{\"@type\":\"Organization\",\"@id\":\"https:\/\/sunrisebanks.com\/es\/#organization\",\"name\":\"Sunrise Banks\",\"url\":\"https:\/\/sunrisebanks.com\/es\/\",\"logo\":{\"@type\":\"ImageObject\",\"inLanguage\":\"es\",\"@id\":\"https:\/\/sunrisebanks.com\/es\/#\/schema\/logo\/image\/\",\"url\":\"https:\/\/sunrisebanks.com\/wp-content\/uploads\/2025\/02\/SB_Logo_Horizontal_FullColor_Twilight_RGB_website.svg\",\"contentUrl\":\"https:\/\/sunrisebanks.com\/wp-content\/uploads\/2025\/02\/SB_Logo_Horizontal_FullColor_Twilight_RGB_website.svg\",\"width\":240,\"height\":69,\"caption\":\"Sunrise Banks\"},\"image\":{\"@id\":\"https:\/\/sunrisebanks.com\/es\/#\/schema\/logo\/image\/\"},\"sameAs\":[\"https:\/\/www.facebook.com\/SunriseBanks\",\"https:\/\/x.com\/SunriseBanks\",\"https:\/\/www.linkedin.com\/company\/957063\/admin\/\",\"https:\/\/www.instagram.com\/sunrisebanks\/\"]}]}<\/script>\n<!-- \/ Yoast SEO plugin. -->","yoast_head_json":{"title":"Herramientas de Educaci\u00f3n y Bienestar Financiero | Sunrise Banks","description":"Alcanzar el bienestar financiero puede parecer una tarea abrumadora, pero los recursos de nuestro Centro de Conocimientos simplifican la elaboraci\u00f3n de presupuestos, el financiamiento y mucho m\u00e1s. D\u00e9 un paso adelante en sus finanzas.","robots":{"index":"index","follow":"follow","max-snippet":"max-snippet:-1","max-image-preview":"max-image-preview:large","max-video-preview":"max-video-preview:-1"},"canonical":"https:\/\/sunrisebanks.com\/es\/herramientas-de-bienestar-financiero\/","og_locale":"es_ES","og_type":"article","og_title":"Herramientas de Educaci\u00f3n y Bienestar Financiero | Sunrise Banks","og_description":"Alcanzar el bienestar financiero puede parecer una tarea abrumadora, pero los recursos de nuestro Centro de Conocimientos simplifican la elaboraci\u00f3n de presupuestos, el financiamiento y mucho m\u00e1s. D\u00e9 un paso adelante en sus finanzas.","og_url":"https:\/\/sunrisebanks.com\/es\/herramientas-de-bienestar-financiero\/","og_site_name":"Sunrise Banks","article_publisher":"https:\/\/www.facebook.com\/SunriseBanks","twitter_card":"summary_large_image","twitter_site":"@SunriseBanks","schema":{"@context":"https:\/\/schema.org","@graph":[{"@type":"WebPage","@id":"https:\/\/sunrisebanks.com\/es\/herramientas-de-bienestar-financiero\/","url":"https:\/\/sunrisebanks.com\/es\/herramientas-de-bienestar-financiero\/","name":"Herramientas de Educaci\u00f3n y Bienestar Financiero | Sunrise Banks","isPartOf":{"@id":"https:\/\/sunrisebanks.com\/es\/#website"},"datePublished":"2020-04-10T14:47:32+00:00","description":"Alcanzar el bienestar financiero puede parecer una tarea abrumadora, pero los recursos de nuestro Centro de Conocimientos simplifican la elaboraci\u00f3n de presupuestos, el financiamiento y mucho m\u00e1s. D\u00e9 un paso adelante en sus finanzas.","breadcrumb":{"@id":"https:\/\/sunrisebanks.com\/es\/herramientas-de-bienestar-financiero\/#breadcrumb"},"inLanguage":"es","potentialAction":[{"@type":"ReadAction","target":["https:\/\/sunrisebanks.com\/es\/herramientas-de-bienestar-financiero\/"]}]},{"@type":"BreadcrumbList","@id":"https:\/\/sunrisebanks.com\/es\/herramientas-de-bienestar-financiero\/#breadcrumb","itemListElement":[{"@type":"ListItem","position":1,"name":"Home","item":"https:\/\/sunrisebanks.com\/es\/"},{"@type":"ListItem","position":2,"name":"Herramientas de Bienestar Financiero"}]},{"@type":"WebSite","@id":"https:\/\/sunrisebanks.com\/es\/#website","url":"https:\/\/sunrisebanks.com\/es\/","name":"Sunrise Banks","description":"","publisher":{"@id":"https:\/\/sunrisebanks.com\/es\/#organization"},"potentialAction":[{"@type":"SearchAction","target":{"@type":"EntryPoint","urlTemplate":"https:\/\/sunrisebanks.com\/es\/?s={search_term_string}"},"query-input":{"@type":"PropertyValueSpecification","valueRequired":true,"valueName":"search_term_string"}}],"inLanguage":"es"},{"@type":"Organization","@id":"https:\/\/sunrisebanks.com\/es\/#organization","name":"Sunrise Banks","url":"https:\/\/sunrisebanks.com\/es\/","logo":{"@type":"ImageObject","inLanguage":"es","@id":"https:\/\/sunrisebanks.com\/es\/#\/schema\/logo\/image\/","url":"https:\/\/sunrisebanks.com\/wp-content\/uploads\/2025\/02\/SB_Logo_Horizontal_FullColor_Twilight_RGB_website.svg","contentUrl":"https:\/\/sunrisebanks.com\/wp-content\/uploads\/2025\/02\/SB_Logo_Horizontal_FullColor_Twilight_RGB_website.svg","width":240,"height":69,"caption":"Sunrise Banks"},"image":{"@id":"https:\/\/sunrisebanks.com\/es\/#\/schema\/logo\/image\/"},"sameAs":["https:\/\/www.facebook.com\/SunriseBanks","https:\/\/x.com\/SunriseBanks","https:\/\/www.linkedin.com\/company\/957063\/admin\/","https:\/\/www.instagram.com\/sunrisebanks\/"]}]}},"_links":{"self":[{"href":"https:\/\/sunrisebanks.com\/es\/wp-json\/wp\/v2\/pages\/20451","targetHints":{"allow":["GET"]}}],"collection":[{"href":"https:\/\/sunrisebanks.com\/es\/wp-json\/wp\/v2\/pages"}],"about":[{"href":"https:\/\/sunrisebanks.com\/es\/wp-json\/wp\/v2\/types\/page"}],"author":[{"embeddable":true,"href":"https:\/\/sunrisebanks.com\/es\/wp-json\/wp\/v2\/users\/28"}],"replies":[{"embeddable":true,"href":"https:\/\/sunrisebanks.com\/es\/wp-json\/wp\/v2\/comments?post=20451"}],"version-history":[{"count":0,"href":"https:\/\/sunrisebanks.com\/es\/wp-json\/wp\/v2\/pages\/20451\/revisions"}],"wp:attachment":[{"href":"https:\/\/sunrisebanks.com\/es\/wp-json\/wp\/v2\/media?parent=20451"}],"wp:term":[{"taxonomy":"offering","embeddable":true,"href":"https:\/\/sunrisebanks.com\/es\/wp-json\/wp\/v2\/offering?post=20451"}],"curies":[{"name":"wp","href":"https:\/\/api.w.org\/{rel}","templated":true}]}}