{"id":20467,"date":"2019-04-30T17:10:55","date_gmt":"2019-04-30T22:10:55","guid":{"rendered":"https:\/\/sunrisebanks.com\/perdida-y-robo-de-tarjetas\/"},"modified":"2026-03-11T15:29:26","modified_gmt":"2026-03-11T20:29:26","slug":"perdida-y-robo-de-tarjetas","status":"publish","type":"page","link":"https:\/\/sunrisebanks.com\/es\/contactenos\/perdida-y-robo-de-tarjetas\/","title":{"rendered":"P\u00e9rdida y Robo de Tarjetas"},"content":{"rendered":null,"protected":false},"excerpt":{"rendered":"<p>Podemos ayudarle a proteger sus cuentas. Si perdi\u00f3 o le robaron su tarjeta, notifique a Sunrise Banks lo antes posible.<\/p>\n","protected":false},"author":1,"featured_media":0,"parent":20517,"menu_order":0,"comment_status":"closed","ping_status":"closed","template":"page-product.php","meta":{"_acf_changed":false,"footnotes":""},"offering":[],"class_list":["post-20467","page","type-page","status-publish","hentry"],"acf":{"content_blocks":[{"acf_fc_layout":"product_plain_text","section_id":"","background_color":"white","copy":"<h1>P\u00e9rdida \/ Robo de Tarjetas<\/h1>\n<p>Podemos ayudarle a proteger sus cuentas. Si perdi\u00f3 o le robaron su tarjeta, notifique a Sunrise Banks lo antes posible.<\/p>\n"},{"acf_fc_layout":"product_plain_text","section_id":"","background_color":"gray","copy":"<h2>Durante el horario comercial<\/h2>\n<p><strong>Para tarjetas ATM o tarjetas de d\u00e9bito, llame al<br \/>\n<\/strong><a href=\"tel:(651) 265-5600\" target=\"_blank\" rel=\"noopener\">(651) 265-5600 <i class=\"fa fa-external-link test\" aria-label=\"Off Site Link\"><span class=\"sr-only\">Enlace externo<\/span><\/i><\/a><\/p>\n<p><strong>Para tarjetas de cr\u00e9dito, llame al<br \/>\n<\/strong><a href=\"tel:(800) 558-3424\" target=\"_blank\" rel=\"noopener\">(800) 558-3424 <i class=\"fa fa-external-link test\" aria-label=\"Off Site Link\"><span class=\"sr-only\">Enlace externo<\/span><\/i><\/a><\/p>\n<p><strong>Para tarjetas prepagadas o de regalo, llame al<br \/>\n<\/strong><a href=\"tel:(877) 737-7297\" target=\"_blank\" rel=\"noopener\">(877) 737-7297 <i class=\"fa fa-external-link test\" aria-label=\"Off Site Link\"><span class=\"sr-only\">Enlace externo<\/span><\/i><\/a><\/p>\n"},{"acf_fc_layout":"product_plain_text","section_id":"","background_color":"white","copy":"<h2>Fuera del horario comercial<\/h2>\n<p><strong> Para tarjetas ATM o tarjetas de d\u00e9bito, llame al<br \/>\n<\/strong><a href=\"tel:1 (800) 472-3272\" target=\"_blank\" rel=\"noopener\">1 (800) 472-3272 <i class=\"fa fa-external-link test\" aria-label=\"Off Site Link\"><span class=\"sr-only\">Enlace externo<\/span><\/i><\/a><\/p>\n<p><strong>Para tarjetas de cr\u00e9dito, llame al<br \/>\n<\/strong><a href=\"tel:(800) 558-3424\" target=\"_blank\" rel=\"noopener\">(800) 558-3424 <i class=\"fa fa-external-link test\" aria-label=\"Off Site Link\"><span class=\"sr-only\">Enlace externo<\/span><\/i><\/a><\/p>\n<p><strong>Para tarjetas prepagadas o de regalo, comun\u00edquese a trav\u00e9s de<br \/>\n<\/strong><a href=\"mailto:cs@akimbocard.com\" target=\"_blank\" rel=\"noopener\">cs@akimbocard.com <i class=\"fa fa-external-link test\" aria-label=\"Off Site Link\"><span class=\"sr-only\">Enlace externo<\/span><\/i><\/a><\/p>\n"},{"acf_fc_layout":"product_plain_text","section_id":"","background_color":"gray","copy":"<h2><strong>Proteja sus cuentas con nuestros servicios de protecci\u00f3n contra el fraude<\/strong><\/h2>\n<p class=\"p1\"><span class=\"s1\"><a class=\"button d-inline-flex align-items-center\" href=\"https:\/\/sunrisebanks.com\/fraud-protection\/\" target=\"\" aria-label=\"M\u00e1s informaci\u00f3n sobre el servicio de protecci\u00f3n contra el fraude\">M\u00e1s informaci\u00f3n<\/a><\/span><\/p>\n"}]},"yoast_head":"<!-- This site is optimized with the Yoast SEO plugin v26.4 - https:\/\/yoast.com\/wordpress\/plugins\/seo\/ -->\n<title>Ayuda para P\u00e9rdida y Robo de Tarjetas | Sunrise Banks, Minnesota<\/title>\n<meta name=\"description\" content=\"Encuentre la informaci\u00f3n de contacto que necesita si perdi\u00f3 o le robaron su tarjeta ATM, de d\u00e9bito, prepagada o de regalo. Tome medidas para resolver su problema ahora mismo.\" \/>\n<meta name=\"robots\" content=\"index, follow, max-snippet:-1, max-image-preview:large, max-video-preview:-1\" \/>\n<link rel=\"canonical\" href=\"https:\/\/sunrisebanks.com\/es\/contactenos\/perdida-y-robo-de-tarjetas\/\" \/>\n<meta property=\"og:locale\" content=\"es_ES\" \/>\n<meta property=\"og:type\" content=\"article\" \/>\n<meta property=\"og:title\" content=\"Ayuda para P\u00e9rdida y Robo de Tarjetas | Sunrise Banks, Minnesota\" \/>\n<meta property=\"og:description\" content=\"Encuentre la informaci\u00f3n de contacto que necesita si perdi\u00f3 o le robaron su tarjeta ATM, de d\u00e9bito, prepagada o de regalo. Tome medidas para resolver su problema ahora mismo.\" \/>\n<meta property=\"og:url\" content=\"https:\/\/sunrisebanks.com\/es\/contactenos\/perdida-y-robo-de-tarjetas\/\" \/>\n<meta property=\"og:site_name\" content=\"Sunrise Banks\" \/>\n<meta property=\"article:publisher\" content=\"https:\/\/www.facebook.com\/SunriseBanks\" \/>\n<meta property=\"article:modified_time\" content=\"2026-03-11T20:29:26+00:00\" \/>\n<meta name=\"twitter:card\" content=\"summary_large_image\" \/>\n<meta name=\"twitter:site\" content=\"@SunriseBanks\" \/>\n<script type=\"application\/ld+json\" class=\"yoast-schema-graph\">{\"@context\":\"https:\/\/schema.org\",\"@graph\":[{\"@type\":\"WebPage\",\"@id\":\"https:\/\/sunrisebanks.com\/es\/contactenos\/perdida-y-robo-de-tarjetas\/\",\"url\":\"https:\/\/sunrisebanks.com\/es\/contactenos\/perdida-y-robo-de-tarjetas\/\",\"name\":\"Ayuda para P\u00e9rdida y Robo de Tarjetas | Sunrise Banks, Minnesota\",\"isPartOf\":{\"@id\":\"https:\/\/sunrisebanks.com\/es\/#website\"},\"datePublished\":\"2019-04-30T22:10:55+00:00\",\"dateModified\":\"2026-03-11T20:29:26+00:00\",\"description\":\"Encuentre la informaci\u00f3n de contacto que necesita si perdi\u00f3 o le robaron su tarjeta ATM, de d\u00e9bito, prepagada o de regalo. Tome medidas para resolver su problema ahora mismo.\",\"breadcrumb\":{\"@id\":\"https:\/\/sunrisebanks.com\/es\/contactenos\/perdida-y-robo-de-tarjetas\/#breadcrumb\"},\"inLanguage\":\"es\",\"potentialAction\":[{\"@type\":\"ReadAction\",\"target\":[\"https:\/\/sunrisebanks.com\/es\/contactenos\/perdida-y-robo-de-tarjetas\/\"]}]},{\"@type\":\"BreadcrumbList\",\"@id\":\"https:\/\/sunrisebanks.com\/es\/contactenos\/perdida-y-robo-de-tarjetas\/#breadcrumb\",\"itemListElement\":[{\"@type\":\"ListItem\",\"position\":1,\"name\":\"Home\",\"item\":\"https:\/\/sunrisebanks.com\/es\/\"},{\"@type\":\"ListItem\",\"position\":2,\"name\":\"Cont\u00e1ctenos\",\"item\":\"https:\/\/sunrisebanks.com\/es\/contact\/\"},{\"@type\":\"ListItem\",\"position\":3,\"name\":\"P\u00e9rdida y Robo de Tarjetas\"}]},{\"@type\":\"WebSite\",\"@id\":\"https:\/\/sunrisebanks.com\/es\/#website\",\"url\":\"https:\/\/sunrisebanks.com\/es\/\",\"name\":\"Sunrise Banks\",\"description\":\"\",\"publisher\":{\"@id\":\"https:\/\/sunrisebanks.com\/es\/#organization\"},\"potentialAction\":[{\"@type\":\"SearchAction\",\"target\":{\"@type\":\"EntryPoint\",\"urlTemplate\":\"https:\/\/sunrisebanks.com\/es\/?s={search_term_string}\"},\"query-input\":{\"@type\":\"PropertyValueSpecification\",\"valueRequired\":true,\"valueName\":\"search_term_string\"}}],\"inLanguage\":\"es\"},{\"@type\":\"Organization\",\"@id\":\"https:\/\/sunrisebanks.com\/es\/#organization\",\"name\":\"Sunrise Banks\",\"url\":\"https:\/\/sunrisebanks.com\/es\/\",\"logo\":{\"@type\":\"ImageObject\",\"inLanguage\":\"es\",\"@id\":\"https:\/\/sunrisebanks.com\/es\/#\/schema\/logo\/image\/\",\"url\":\"https:\/\/sunrisebanks.com\/wp-content\/uploads\/2025\/02\/SB_Logo_Horizontal_FullColor_Twilight_RGB_website.svg\",\"contentUrl\":\"https:\/\/sunrisebanks.com\/wp-content\/uploads\/2025\/02\/SB_Logo_Horizontal_FullColor_Twilight_RGB_website.svg\",\"width\":240,\"height\":69,\"caption\":\"Sunrise Banks\"},\"image\":{\"@id\":\"https:\/\/sunrisebanks.com\/es\/#\/schema\/logo\/image\/\"},\"sameAs\":[\"https:\/\/www.facebook.com\/SunriseBanks\",\"https:\/\/x.com\/SunriseBanks\",\"https:\/\/www.linkedin.com\/company\/957063\/admin\/\",\"https:\/\/www.instagram.com\/sunrisebanks\/\"]}]}<\/script>\n<!-- \/ Yoast SEO plugin. -->","yoast_head_json":{"title":"Ayuda para P\u00e9rdida y Robo de Tarjetas | Sunrise Banks, Minnesota","description":"Encuentre la informaci\u00f3n de contacto que necesita si perdi\u00f3 o le robaron su tarjeta ATM, de d\u00e9bito, prepagada o de regalo. Tome medidas para resolver su problema ahora mismo.","robots":{"index":"index","follow":"follow","max-snippet":"max-snippet:-1","max-image-preview":"max-image-preview:large","max-video-preview":"max-video-preview:-1"},"canonical":"https:\/\/sunrisebanks.com\/es\/contactenos\/perdida-y-robo-de-tarjetas\/","og_locale":"es_ES","og_type":"article","og_title":"Ayuda para P\u00e9rdida y Robo de Tarjetas | Sunrise Banks, Minnesota","og_description":"Encuentre la informaci\u00f3n de contacto que necesita si perdi\u00f3 o le robaron su tarjeta ATM, de d\u00e9bito, prepagada o de regalo. Tome medidas para resolver su problema ahora mismo.","og_url":"https:\/\/sunrisebanks.com\/es\/contactenos\/perdida-y-robo-de-tarjetas\/","og_site_name":"Sunrise Banks","article_publisher":"https:\/\/www.facebook.com\/SunriseBanks","article_modified_time":"2026-03-11T20:29:26+00:00","twitter_card":"summary_large_image","twitter_site":"@SunriseBanks","schema":{"@context":"https:\/\/schema.org","@graph":[{"@type":"WebPage","@id":"https:\/\/sunrisebanks.com\/es\/contactenos\/perdida-y-robo-de-tarjetas\/","url":"https:\/\/sunrisebanks.com\/es\/contactenos\/perdida-y-robo-de-tarjetas\/","name":"Ayuda para P\u00e9rdida y Robo de Tarjetas | Sunrise Banks, Minnesota","isPartOf":{"@id":"https:\/\/sunrisebanks.com\/es\/#website"},"datePublished":"2019-04-30T22:10:55+00:00","dateModified":"2026-03-11T20:29:26+00:00","description":"Encuentre la informaci\u00f3n de contacto que necesita si perdi\u00f3 o le robaron su tarjeta ATM, de d\u00e9bito, prepagada o de regalo. Tome medidas para resolver su problema ahora mismo.","breadcrumb":{"@id":"https:\/\/sunrisebanks.com\/es\/contactenos\/perdida-y-robo-de-tarjetas\/#breadcrumb"},"inLanguage":"es","potentialAction":[{"@type":"ReadAction","target":["https:\/\/sunrisebanks.com\/es\/contactenos\/perdida-y-robo-de-tarjetas\/"]}]},{"@type":"BreadcrumbList","@id":"https:\/\/sunrisebanks.com\/es\/contactenos\/perdida-y-robo-de-tarjetas\/#breadcrumb","itemListElement":[{"@type":"ListItem","position":1,"name":"Home","item":"https:\/\/sunrisebanks.com\/es\/"},{"@type":"ListItem","position":2,"name":"Cont\u00e1ctenos","item":"https:\/\/sunrisebanks.com\/es\/contact\/"},{"@type":"ListItem","position":3,"name":"P\u00e9rdida y Robo de Tarjetas"}]},{"@type":"WebSite","@id":"https:\/\/sunrisebanks.com\/es\/#website","url":"https:\/\/sunrisebanks.com\/es\/","name":"Sunrise Banks","description":"","publisher":{"@id":"https:\/\/sunrisebanks.com\/es\/#organization"},"potentialAction":[{"@type":"SearchAction","target":{"@type":"EntryPoint","urlTemplate":"https:\/\/sunrisebanks.com\/es\/?s={search_term_string}"},"query-input":{"@type":"PropertyValueSpecification","valueRequired":true,"valueName":"search_term_string"}}],"inLanguage":"es"},{"@type":"Organization","@id":"https:\/\/sunrisebanks.com\/es\/#organization","name":"Sunrise Banks","url":"https:\/\/sunrisebanks.com\/es\/","logo":{"@type":"ImageObject","inLanguage":"es","@id":"https:\/\/sunrisebanks.com\/es\/#\/schema\/logo\/image\/","url":"https:\/\/sunrisebanks.com\/wp-content\/uploads\/2025\/02\/SB_Logo_Horizontal_FullColor_Twilight_RGB_website.svg","contentUrl":"https:\/\/sunrisebanks.com\/wp-content\/uploads\/2025\/02\/SB_Logo_Horizontal_FullColor_Twilight_RGB_website.svg","width":240,"height":69,"caption":"Sunrise Banks"},"image":{"@id":"https:\/\/sunrisebanks.com\/es\/#\/schema\/logo\/image\/"},"sameAs":["https:\/\/www.facebook.com\/SunriseBanks","https:\/\/x.com\/SunriseBanks","https:\/\/www.linkedin.com\/company\/957063\/admin\/","https:\/\/www.instagram.com\/sunrisebanks\/"]}]}},"_links":{"self":[{"href":"https:\/\/sunrisebanks.com\/es\/wp-json\/wp\/v2\/pages\/20467","targetHints":{"allow":["GET"]}}],"collection":[{"href":"https:\/\/sunrisebanks.com\/es\/wp-json\/wp\/v2\/pages"}],"about":[{"href":"https:\/\/sunrisebanks.com\/es\/wp-json\/wp\/v2\/types\/page"}],"author":[{"embeddable":true,"href":"https:\/\/sunrisebanks.com\/es\/wp-json\/wp\/v2\/users\/1"}],"replies":[{"embeddable":true,"href":"https:\/\/sunrisebanks.com\/es\/wp-json\/wp\/v2\/comments?post=20467"}],"version-history":[{"count":1,"href":"https:\/\/sunrisebanks.com\/es\/wp-json\/wp\/v2\/pages\/20467\/revisions"}],"predecessor-version":[{"id":20518,"href":"https:\/\/sunrisebanks.com\/es\/wp-json\/wp\/v2\/pages\/20467\/revisions\/20518"}],"up":[{"embeddable":true,"href":"https:\/\/sunrisebanks.com\/es\/wp-json\/wp\/v2\/pages\/20517"}],"wp:attachment":[{"href":"https:\/\/sunrisebanks.com\/es\/wp-json\/wp\/v2\/media?parent=20467"}],"wp:term":[{"taxonomy":"offering","embeddable":true,"href":"https:\/\/sunrisebanks.com\/es\/wp-json\/wp\/v2\/offering?post=20467"}],"curies":[{"name":"wp","href":"https:\/\/api.w.org\/{rel}","templated":true}]}}