{"id":20482,"date":"2019-06-12T13:37:28","date_gmt":"2019-06-12T18:37:28","guid":{"rendered":"https:\/\/sunrisebanks.com\/prestamos-por-sobregiro-y-prestamos-sin-garantia\/"},"modified":"2026-03-24T12:18:41","modified_gmt":"2026-03-24T17:18:41","slug":"prestamos-por-sobregiro-y-prestamos-sin-garantia","status":"publish","type":"page","link":"https:\/\/sunrisebanks.com\/es\/banca-personal\/prestamos-por-sobregiro-y-prestamos-sin-garantia\/","title":{"rendered":"Pr\u00e9stamos por Sobregiro y Pr\u00e9stamos sin Garant\u00eda"},"content":{"rendered":null,"protected":false},"excerpt":{"rendered":"<p>Estamos aqu\u00ed para ayudarle a tomar el control de sus finanzas. Sunrise Banks ofrece opciones de pr\u00e9stamos sin garant\u00eda por montos de hasta $10,000.<\/p>\n","protected":false},"author":38,"featured_media":0,"parent":20580,"menu_order":0,"comment_status":"closed","ping_status":"closed","template":"page-product.php","meta":{"_acf_changed":false,"footnotes":""},"offering":[42],"class_list":["post-20482","page","type-page","status-publish","hentry","offering-products"],"acf":{"content_blocks":[{"acf_fc_layout":"product_banner","heading_1":"Banca Personal","heading_2":"Pr\u00e9stamos por Sobregiro y Pr\u00e9stamos sin Garant\u00eda","button":{"title":"Apply Today","url":"https:\/\/www.originatewebcenter.com\/uopen\/originate\/welcome.do?auth=5d57affda02dbbff&bid=b2cb2d2809deef59","target":""},"button_aria_label":"Buscar una sucursal de Sunrise Banks","button_subtext":"Solicitud f\u00e1cil en l\u00ednea","background_image":{"ID":20458,"id":20458,"title":"SB_Como_132_OPT","filename":"SB_Como_132_OPT.jpg","filesize":156459,"url":"https:\/\/sunrisebanks.com\/wp-content\/uploads\/2019\/06\/SB_Como_132_OPT.jpg","link":"https:\/\/sunrisebanks.com\/es\/banca-personal\/linea-de-credito-con-garantia-hipotecaria\/sb_como_132_opt-3\/","alt":"","author":"24","description":"","caption":"","name":"sb_como_132_opt-3","status":"inherit","uploaded_to":20454,"date":"2019-06-10 19:59:26","modified":"2019-06-10 19:59:26","menu_order":0,"mime_type":"image\/jpeg","type":"image","subtype":"jpeg","icon":"https:\/\/sunrisebanks.com\/wp-includes\/images\/media\/default.png","width":1600,"height":550,"sizes":{"thumbnail":"https:\/\/sunrisebanks.com\/wp-content\/uploads\/2019\/06\/SB_Como_132_OPT-150x150.jpg","thumbnail-width":150,"thumbnail-height":150,"medium":"https:\/\/sunrisebanks.com\/wp-content\/uploads\/2019\/06\/SB_Como_132_OPT-300x103.jpg","medium-width":300,"medium-height":103,"medium_large":"https:\/\/sunrisebanks.com\/wp-content\/uploads\/2019\/06\/SB_Como_132_OPT-768x264.jpg","medium_large-width":640,"medium_large-height":220,"large":"https:\/\/sunrisebanks.com\/wp-content\/uploads\/2019\/06\/SB_Como_132_OPT-1024x352.jpg","large-width":640,"large-height":220,"1536x1536":"https:\/\/sunrisebanks.com\/wp-content\/uploads\/2019\/06\/SB_Como_132_OPT.jpg","1536x1536-width":1536,"1536x1536-height":528,"2048x2048":"https:\/\/sunrisebanks.com\/wp-content\/uploads\/2019\/06\/SB_Como_132_OPT.jpg","2048x2048-width":1600,"2048x2048-height":550,"full-width":"https:\/\/sunrisebanks.com\/wp-content\/uploads\/2019\/06\/SB_Como_132_OPT.jpg","full-width-width":1600,"full-width-height":550,"gform-image-choice-sm":"https:\/\/sunrisebanks.com\/wp-content\/uploads\/2019\/06\/SB_Como_132_OPT.jpg","gform-image-choice-sm-width":300,"gform-image-choice-sm-height":103,"gform-image-choice-md":"https:\/\/sunrisebanks.com\/wp-content\/uploads\/2019\/06\/SB_Como_132_OPT.jpg","gform-image-choice-md-width":400,"gform-image-choice-md-height":138,"gform-image-choice-lg":"https:\/\/sunrisebanks.com\/wp-content\/uploads\/2019\/06\/SB_Como_132_OPT.jpg","gform-image-choice-lg-width":600,"gform-image-choice-lg-height":206}}},{"acf_fc_layout":"product_intro","section_id":"","background_color":"white","copy":"<p>Estamos aqu\u00ed para ayudarle a tomar el control de sus finanzas. Sunrise Banks ofrece opciones de pr\u00e9stamos sin garant\u00eda por montos de hasta $10,000.<\/p>\n","featured_items":false,"section_title":"","links":false},{"acf_fc_layout":"product_features","section_id":"readycash","background_color":"gray","cta_title":"","cta":false,"features":[{"title":"Pr\u00e9stamo Personal Ready Cash","content_options":"checkmarks","checkmarks":false,"wysiwyg":""}]},{"acf_fc_layout":"product_steps","section_id":"","background_color":"gray","title":"<h2>C\u00f3mo funciona<\/h2>\n","steps":[{"step_number":"Paso 01","icon":false,"content":"<h3><a href=\"https:\/\/www.originatewebcenter.com\/uopen\/originate\/welcome.do?auth=5d57affda02dbbff&#038;bid=b2cb2d2809deef59\" target=\"_blank\" rel=\"noopener\">Presente su solicitud hoy <i class=\"fa fa-external-link\"><span class=\"sr-only\">Enlace externo<\/span><\/i><\/a> o <a href=\"https:\/\/sunrisebanks.com\/contact\/locations-atms\/\">Visite una sucursal<\/a><\/h3>\n<p> para iniciar el proceso de solicitud.<\/p>\n"},{"step_number":"Paso 02","icon":false,"content":"<h3>Complete y env\u00ede la solicitud<\/h3>\n<p>con la informaci\u00f3n personal y de pr\u00e9stamo solicitada.<\/p>\n"},{"step_number":"Paso 03","icon":false,"content":"<h3>Reciba la confirmaci\u00f3n por correo electr\u00f3nico<\/h3>\n<p>Conserve esta informaci\u00f3n para verificar el estado de su solicitud.<\/p>\n"},{"step_number":"Paso 04","icon":false,"content":"<h3>Un empleado del banco se pondr\u00e1 en contacto con usted dentro de dos d\u00edas h\u00e1biles<\/h3>\n<p>para informarle los pr\u00f3ximos pasos y para finalizar su pr\u00e9stamo.<\/p>\n"}]},{"acf_fc_layout":"product_features","section_id":"","background_color":"white","cta_title":"","cta":false,"features":[{"title":"Pr\u00e9stamos sin garant\u00eda","content_options":"checkmarks","checkmarks":[{"title":"Opciones con tasas competitivas","description":""},{"title":"Disponible en montos de hasta $10,000","description":""},{"title":"Pague mensualmente o en un pago de suma total","description":""}],"wysiwyg":""}]},{"acf_fc_layout":"product_steps","section_id":"","background_color":"white","title":"<h2>C\u00f3mo funciona<\/h2>\n","steps":[{"step_number":"Paso 01","icon":false,"content":"<h3><strong>Visite una sucursal<\/strong><\/h3>\n"},{"step_number":"Paso 02","icon":false,"content":"<h3><strong>Complete la solicitud con un empleado del banco<\/strong><\/h3>\n"},{"step_number":"Paso 03","icon":false,"content":"<h3><strong>Presente la solicitud para la aprobaci\u00f3n del pr\u00e9stamo<\/strong><\/h3>\n"}]},{"acf_fc_layout":"product_contact_blurb","section_id":"","copy":"<h2>Cont\u00e1ctenos para obtener m\u00e1s informaci\u00f3n<\/h2>\n<p><a href=\"tel:(651) 265-5600\" target=\"_blank\" rel=\"noopener\">(651) 265-5600 <i class=\"fa fa-external-link\"><span class=\"sr-only\">Enlace externo<\/span><\/i><\/a><\/p>\n<hr \/>\n<p>O env\u00edenos un mensaje<\/p>\n<a class=\"button d-inline-flex align-items-center\" href=\"https:\/\/sunrisebanks.com\/contact\/#helloform\" target=\"\" aria-label=\"Env\u00edenos un mensaje para obtener m\u00e1s informaci\u00f3n\">Cont\u00e1ctenos<\/a>\n"}]},"yoast_head":"<!-- This site is optimized with the Yoast SEO plugin v26.4 - https:\/\/yoast.com\/wordpress\/plugins\/seo\/ -->\n<title>Pr\u00e9stamos sin Garant\u00eda y Pr\u00e9stamos Personales Ready Cash | Sunrise Banks, MN<\/title>\n<meta name=\"description\" content=\"Obtenga un pr\u00e9stamo sin garant\u00eda de Sunrise Banks por montos de hasta $10,000. Pague el saldo de su cuenta de forma gradual o en un pago de suma total. Averig\u00fce hoy.\" \/>\n<meta name=\"robots\" content=\"index, follow, max-snippet:-1, max-image-preview:large, max-video-preview:-1\" \/>\n<link rel=\"canonical\" href=\"https:\/\/sunrisebanks.com\/es\/banca-personal\/prestamos-por-sobregiro-y-prestamos-sin-garantia\/\" \/>\n<meta property=\"og:locale\" content=\"es_ES\" \/>\n<meta property=\"og:type\" content=\"article\" \/>\n<meta property=\"og:title\" content=\"Pr\u00e9stamos sin Garant\u00eda y Pr\u00e9stamos Personales Ready Cash | Sunrise Banks, MN\" \/>\n<meta property=\"og:description\" content=\"Obtenga un pr\u00e9stamo sin garant\u00eda de Sunrise Banks por montos de hasta $10,000. Pague el saldo de su cuenta de forma gradual o en un pago de suma total. Averig\u00fce hoy.\" \/>\n<meta property=\"og:url\" content=\"https:\/\/sunrisebanks.com\/es\/banca-personal\/prestamos-por-sobregiro-y-prestamos-sin-garantia\/\" \/>\n<meta property=\"og:site_name\" content=\"Sunrise Banks\" \/>\n<meta property=\"article:publisher\" content=\"https:\/\/www.facebook.com\/SunriseBanks\" \/>\n<meta property=\"article:modified_time\" content=\"2026-03-24T17:18:41+00:00\" \/>\n<meta name=\"twitter:card\" content=\"summary_large_image\" \/>\n<meta name=\"twitter:site\" content=\"@SunriseBanks\" \/>\n<script type=\"application\/ld+json\" class=\"yoast-schema-graph\">{\"@context\":\"https:\/\/schema.org\",\"@graph\":[{\"@type\":\"WebPage\",\"@id\":\"https:\/\/sunrisebanks.com\/es\/banca-personal\/prestamos-por-sobregiro-y-prestamos-sin-garantia\/\",\"url\":\"https:\/\/sunrisebanks.com\/es\/banca-personal\/prestamos-por-sobregiro-y-prestamos-sin-garantia\/\",\"name\":\"Pr\u00e9stamos sin Garant\u00eda y Pr\u00e9stamos Personales Ready Cash | Sunrise Banks, MN\",\"isPartOf\":{\"@id\":\"https:\/\/sunrisebanks.com\/es\/#website\"},\"datePublished\":\"2019-06-12T18:37:28+00:00\",\"dateModified\":\"2026-03-24T17:18:41+00:00\",\"description\":\"Obtenga un pr\u00e9stamo sin garant\u00eda de Sunrise Banks por montos de hasta $10,000. Pague el saldo de su cuenta de forma gradual o en un pago de suma total. Averig\u00fce hoy.\",\"breadcrumb\":{\"@id\":\"https:\/\/sunrisebanks.com\/es\/banca-personal\/prestamos-por-sobregiro-y-prestamos-sin-garantia\/#breadcrumb\"},\"inLanguage\":\"es\",\"potentialAction\":[{\"@type\":\"ReadAction\",\"target\":[\"https:\/\/sunrisebanks.com\/es\/banca-personal\/prestamos-por-sobregiro-y-prestamos-sin-garantia\/\"]}]},{\"@type\":\"BreadcrumbList\",\"@id\":\"https:\/\/sunrisebanks.com\/es\/banca-personal\/prestamos-por-sobregiro-y-prestamos-sin-garantia\/#breadcrumb\",\"itemListElement\":[{\"@type\":\"ListItem\",\"position\":1,\"name\":\"Home\",\"item\":\"https:\/\/sunrisebanks.com\/es\/\"},{\"@type\":\"ListItem\",\"position\":2,\"name\":\"Banca Personal\",\"item\":\"https:\/\/sunrisebanks.com\/es\/personal-banking\/\"},{\"@type\":\"ListItem\",\"position\":3,\"name\":\"Pr\u00e9stamos por Sobregiro y Pr\u00e9stamos sin Garant\u00eda\"}]},{\"@type\":\"WebSite\",\"@id\":\"https:\/\/sunrisebanks.com\/es\/#website\",\"url\":\"https:\/\/sunrisebanks.com\/es\/\",\"name\":\"Sunrise Banks\",\"description\":\"\",\"publisher\":{\"@id\":\"https:\/\/sunrisebanks.com\/es\/#organization\"},\"potentialAction\":[{\"@type\":\"SearchAction\",\"target\":{\"@type\":\"EntryPoint\",\"urlTemplate\":\"https:\/\/sunrisebanks.com\/es\/?s={search_term_string}\"},\"query-input\":{\"@type\":\"PropertyValueSpecification\",\"valueRequired\":true,\"valueName\":\"search_term_string\"}}],\"inLanguage\":\"es\"},{\"@type\":\"Organization\",\"@id\":\"https:\/\/sunrisebanks.com\/es\/#organization\",\"name\":\"Sunrise Banks\",\"url\":\"https:\/\/sunrisebanks.com\/es\/\",\"logo\":{\"@type\":\"ImageObject\",\"inLanguage\":\"es\",\"@id\":\"https:\/\/sunrisebanks.com\/es\/#\/schema\/logo\/image\/\",\"url\":\"https:\/\/sunrisebanks.com\/wp-content\/uploads\/2025\/02\/SB_Logo_Horizontal_FullColor_Twilight_RGB_website.svg\",\"contentUrl\":\"https:\/\/sunrisebanks.com\/wp-content\/uploads\/2025\/02\/SB_Logo_Horizontal_FullColor_Twilight_RGB_website.svg\",\"width\":240,\"height\":69,\"caption\":\"Sunrise Banks\"},\"image\":{\"@id\":\"https:\/\/sunrisebanks.com\/es\/#\/schema\/logo\/image\/\"},\"sameAs\":[\"https:\/\/www.facebook.com\/SunriseBanks\",\"https:\/\/x.com\/SunriseBanks\",\"https:\/\/www.linkedin.com\/company\/957063\/admin\/\",\"https:\/\/www.instagram.com\/sunrisebanks\/\"]}]}<\/script>\n<!-- \/ Yoast SEO plugin. -->","yoast_head_json":{"title":"Pr\u00e9stamos sin Garant\u00eda y Pr\u00e9stamos Personales Ready Cash | Sunrise Banks, MN","description":"Obtenga un pr\u00e9stamo sin garant\u00eda de Sunrise Banks por montos de hasta $10,000. Pague el saldo de su cuenta de forma gradual o en un pago de suma total. Averig\u00fce hoy.","robots":{"index":"index","follow":"follow","max-snippet":"max-snippet:-1","max-image-preview":"max-image-preview:large","max-video-preview":"max-video-preview:-1"},"canonical":"https:\/\/sunrisebanks.com\/es\/banca-personal\/prestamos-por-sobregiro-y-prestamos-sin-garantia\/","og_locale":"es_ES","og_type":"article","og_title":"Pr\u00e9stamos sin Garant\u00eda y Pr\u00e9stamos Personales Ready Cash | Sunrise Banks, MN","og_description":"Obtenga un pr\u00e9stamo sin garant\u00eda de Sunrise Banks por montos de hasta $10,000. Pague el saldo de su cuenta de forma gradual o en un pago de suma total. Averig\u00fce hoy.","og_url":"https:\/\/sunrisebanks.com\/es\/banca-personal\/prestamos-por-sobregiro-y-prestamos-sin-garantia\/","og_site_name":"Sunrise Banks","article_publisher":"https:\/\/www.facebook.com\/SunriseBanks","article_modified_time":"2026-03-24T17:18:41+00:00","twitter_card":"summary_large_image","twitter_site":"@SunriseBanks","schema":{"@context":"https:\/\/schema.org","@graph":[{"@type":"WebPage","@id":"https:\/\/sunrisebanks.com\/es\/banca-personal\/prestamos-por-sobregiro-y-prestamos-sin-garantia\/","url":"https:\/\/sunrisebanks.com\/es\/banca-personal\/prestamos-por-sobregiro-y-prestamos-sin-garantia\/","name":"Pr\u00e9stamos sin Garant\u00eda y Pr\u00e9stamos Personales Ready Cash | Sunrise Banks, MN","isPartOf":{"@id":"https:\/\/sunrisebanks.com\/es\/#website"},"datePublished":"2019-06-12T18:37:28+00:00","dateModified":"2026-03-24T17:18:41+00:00","description":"Obtenga un pr\u00e9stamo sin garant\u00eda de Sunrise Banks por montos de hasta $10,000. Pague el saldo de su cuenta de forma gradual o en un pago de suma total. Averig\u00fce hoy.","breadcrumb":{"@id":"https:\/\/sunrisebanks.com\/es\/banca-personal\/prestamos-por-sobregiro-y-prestamos-sin-garantia\/#breadcrumb"},"inLanguage":"es","potentialAction":[{"@type":"ReadAction","target":["https:\/\/sunrisebanks.com\/es\/banca-personal\/prestamos-por-sobregiro-y-prestamos-sin-garantia\/"]}]},{"@type":"BreadcrumbList","@id":"https:\/\/sunrisebanks.com\/es\/banca-personal\/prestamos-por-sobregiro-y-prestamos-sin-garantia\/#breadcrumb","itemListElement":[{"@type":"ListItem","position":1,"name":"Home","item":"https:\/\/sunrisebanks.com\/es\/"},{"@type":"ListItem","position":2,"name":"Banca Personal","item":"https:\/\/sunrisebanks.com\/es\/personal-banking\/"},{"@type":"ListItem","position":3,"name":"Pr\u00e9stamos por Sobregiro y Pr\u00e9stamos sin Garant\u00eda"}]},{"@type":"WebSite","@id":"https:\/\/sunrisebanks.com\/es\/#website","url":"https:\/\/sunrisebanks.com\/es\/","name":"Sunrise Banks","description":"","publisher":{"@id":"https:\/\/sunrisebanks.com\/es\/#organization"},"potentialAction":[{"@type":"SearchAction","target":{"@type":"EntryPoint","urlTemplate":"https:\/\/sunrisebanks.com\/es\/?s={search_term_string}"},"query-input":{"@type":"PropertyValueSpecification","valueRequired":true,"valueName":"search_term_string"}}],"inLanguage":"es"},{"@type":"Organization","@id":"https:\/\/sunrisebanks.com\/es\/#organization","name":"Sunrise Banks","url":"https:\/\/sunrisebanks.com\/es\/","logo":{"@type":"ImageObject","inLanguage":"es","@id":"https:\/\/sunrisebanks.com\/es\/#\/schema\/logo\/image\/","url":"https:\/\/sunrisebanks.com\/wp-content\/uploads\/2025\/02\/SB_Logo_Horizontal_FullColor_Twilight_RGB_website.svg","contentUrl":"https:\/\/sunrisebanks.com\/wp-content\/uploads\/2025\/02\/SB_Logo_Horizontal_FullColor_Twilight_RGB_website.svg","width":240,"height":69,"caption":"Sunrise Banks"},"image":{"@id":"https:\/\/sunrisebanks.com\/es\/#\/schema\/logo\/image\/"},"sameAs":["https:\/\/www.facebook.com\/SunriseBanks","https:\/\/x.com\/SunriseBanks","https:\/\/www.linkedin.com\/company\/957063\/admin\/","https:\/\/www.instagram.com\/sunrisebanks\/"]}]}},"_links":{"self":[{"href":"https:\/\/sunrisebanks.com\/es\/wp-json\/wp\/v2\/pages\/20482","targetHints":{"allow":["GET"]}}],"collection":[{"href":"https:\/\/sunrisebanks.com\/es\/wp-json\/wp\/v2\/pages"}],"about":[{"href":"https:\/\/sunrisebanks.com\/es\/wp-json\/wp\/v2\/types\/page"}],"author":[{"embeddable":true,"href":"https:\/\/sunrisebanks.com\/es\/wp-json\/wp\/v2\/users\/38"}],"replies":[{"embeddable":true,"href":"https:\/\/sunrisebanks.com\/es\/wp-json\/wp\/v2\/comments?post=20482"}],"version-history":[{"count":1,"href":"https:\/\/sunrisebanks.com\/es\/wp-json\/wp\/v2\/pages\/20482\/revisions"}],"predecessor-version":[{"id":20490,"href":"https:\/\/sunrisebanks.com\/es\/wp-json\/wp\/v2\/pages\/20482\/revisions\/20490"}],"up":[{"embeddable":true,"href":"https:\/\/sunrisebanks.com\/es\/wp-json\/wp\/v2\/pages\/20580"}],"wp:attachment":[{"href":"https:\/\/sunrisebanks.com\/es\/wp-json\/wp\/v2\/media?parent=20482"}],"wp:term":[{"taxonomy":"offering","embeddable":true,"href":"https:\/\/sunrisebanks.com\/es\/wp-json\/wp\/v2\/offering?post=20482"}],"curies":[{"name":"wp","href":"https:\/\/api.w.org\/{rel}","templated":true}]}}