{"id":20506,"date":"2019-04-30T17:04:35","date_gmt":"2019-04-30T22:04:35","guid":{"rendered":"https:\/\/sunrisebanks.com\/quienes-somos\/"},"modified":"2019-04-30T17:04:35","modified_gmt":"2019-04-30T22:04:35","slug":"quienes-somos","status":"publish","type":"page","link":"https:\/\/sunrisebanks.com\/es\/quienes-somos\/","title":{"rendered":"Qui\u00e9nes somos"},"content":{"rendered":null,"protected":false},"excerpt":{"rendered":"<p>En Sunrise Banks, nuestro \u00e9xito depende del \u00e9xito de las comunidades a las que les brindamos servicio. Ofrecemos productos financieros inclusivos que tienen como objetivo mejorar la vida de nuestros clientes en el \u00e1rea metropolitana de Twin Cities y alrededores. No nos vemos como banqueros: nos vemos como generadores de cambios. La familia Sunrise ha estado brindando servicios al n\u00facleo urbano de Minneapolis y St. Paul desde 1986, fundada por el actual director ejecutivo David Reiling y su padre, William Reiling. El banco se enfoca en la participaci\u00f3n positiva en la comunidad y se asocia con empresas con ideas afines para ampliar su misi\u00f3n a nivel nacional y mundial.<\/p>\n","protected":false},"author":1,"featured_media":0,"parent":0,"menu_order":0,"comment_status":"closed","ping_status":"closed","template":"","meta":{"_acf_changed":false,"footnotes":""},"offering":[],"class_list":["post-20506","page","type-page","status-publish","hentry"],"acf":{"content_blocks":[{"acf_fc_layout":"default_banner","heading_1":"Qui\u00e9nes somos","heading_2":"Sunrise Banks es donde los valores y el dinero se encuentran.  ","background_image":{"ID":20507,"id":20507,"title":"Twin Cities Skyline at sunrise","filename":"who_we_are_banner-copy.jpg","filesize":218005,"url":"https:\/\/sunrisebanks.com\/wp-content\/uploads\/2025\/03\/who_we_are_banner-copy.jpg","link":"https:\/\/sunrisebanks.com\/es\/quienes-somos\/who_we_are_banner-copy-3\/","alt":"A shot of the Twin Cities at sunrise","author":"38","description":"","caption":"","name":"who_we_are_banner-copy-3","status":"inherit","uploaded_to":20506,"date":"2025-03-17 20:05:09","modified":"2025-03-17 20:05:09","menu_order":0,"mime_type":"image\/jpeg","type":"image","subtype":"jpeg","icon":"https:\/\/sunrisebanks.com\/wp-includes\/images\/media\/default.png","width":1920,"height":800,"sizes":{"thumbnail":"https:\/\/sunrisebanks.com\/wp-content\/uploads\/2025\/03\/who_we_are_banner-copy-150x150.jpg","thumbnail-width":150,"thumbnail-height":150,"medium":"https:\/\/sunrisebanks.com\/wp-content\/uploads\/2025\/03\/who_we_are_banner-copy-300x125.jpg","medium-width":300,"medium-height":125,"medium_large":"https:\/\/sunrisebanks.com\/wp-content\/uploads\/2025\/03\/who_we_are_banner-copy-768x320.jpg","medium_large-width":640,"medium_large-height":267,"large":"https:\/\/sunrisebanks.com\/wp-content\/uploads\/2025\/03\/who_we_are_banner-copy-1024x427.jpg","large-width":640,"large-height":267,"1536x1536":"https:\/\/sunrisebanks.com\/wp-content\/uploads\/2025\/03\/who_we_are_banner-copy-1536x640.jpg","1536x1536-width":1536,"1536x1536-height":640,"2048x2048":"https:\/\/sunrisebanks.com\/wp-content\/uploads\/2025\/03\/who_we_are_banner-copy.jpg","2048x2048-width":1920,"2048x2048-height":800,"full-width":"https:\/\/sunrisebanks.com\/wp-content\/uploads\/2025\/03\/who_we_are_banner-copy.jpg","full-width-width":1920,"full-width-height":800,"gform-image-choice-sm":"https:\/\/sunrisebanks.com\/wp-content\/uploads\/2025\/03\/who_we_are_banner-copy.jpg","gform-image-choice-sm-width":300,"gform-image-choice-sm-height":125,"gform-image-choice-md":"https:\/\/sunrisebanks.com\/wp-content\/uploads\/2025\/03\/who_we_are_banner-copy.jpg","gform-image-choice-md-width":400,"gform-image-choice-md-height":167,"gform-image-choice-lg":"https:\/\/sunrisebanks.com\/wp-content\/uploads\/2025\/03\/who_we_are_banner-copy.jpg","gform-image-choice-lg-width":600,"gform-image-choice-lg-height":250}}},{"acf_fc_layout":"default_plain_text","section_id":"","background_color":"white","button_option":"no","button":null,"button_aria_label":"","copy":"<h2>En Sunrise Banks, nuestro \u00e9xito depende del \u00e9xito de las comunidades a las que les brindamos servicio.<\/h2>\n<p>Creemos que el banco que escoja es importante. Es por eso que nuestra misi\u00f3n es ser <strong>el banco m\u00e1s innovador para potenciar el bienestar financiero<\/strong>. Como banco socialmente responsable, ofrecemos productos financieros que apuntan a mejorar la vida de nuestros clientes en Minnesota, South Dakota y m\u00e1s all\u00e1. Desde 1985, nos hemos comprometido a trabajar <em>con <\/em>las comunidades a las que brindamos servicio utilizando herramientas y recursos innovadores que ofrecen oportunidades para ganar estabilidad, generar riqueza generacional o iniciar un negocio.<\/p>\n<p><iframe loading=\"lazy\" title=\"Sunrise Banks: Socially Responsible Banking for a Better Tomorrow\" width=\"640\" height=\"360\" src=\"https:\/\/www.youtube.com\/embed\/B5C14WIqmC8?feature=oembed\" frameborder=\"0\" allow=\"accelerometer; autoplay; clipboard-write; encrypted-media; gyroscope; picture-in-picture; web-share\" referrerpolicy=\"strict-origin-when-cross-origin\" allowfullscreen><\/iframe><\/p>\n<p>Sunrise Banks fue fundado por <a href=\"https:\/\/sunrisebanks.com\/about\/leadership-team\/david-reiling-biography\/\">David Reiling<\/a>, un emprendedor social e innovador a la vanguardia de la tecnolog\u00eda financiera y el bienestar financiero. David Reiling se esfuerza por forjar asociaciones significativas que impulsen el crecimiento econ\u00f3mico sostenible. El banco, impulsado por la visi\u00f3n de David, se enfoca en la participaci\u00f3n positiva en la comunidad y se asocia con empresas con ideas afines para ampliar su misi\u00f3n a nivel nacional y mundial.<\/p>\n"},{"acf_fc_layout":"default_plain_text","section_id":"","background_color":"gray","button_option":"no","button":null,"button_aria_label":"","copy":"<h2>Los actos hablan m\u00e1s que las palabras.<\/h2>\n<p>Lo sabemos desde el principio. Nuestras membres\u00edas y certificaciones son una forma de demostrar nuestros est\u00e1ndares de banca \u00e9tica. Nuestra misi\u00f3n est\u00e1 arraigada en los productos que ofrecemos y los servicios que reciben nuestros clientes.<\/p>\n<p>Sunrise Banks es una Corporaci\u00f3n B certificada, una Instituci\u00f3n Financiera para el Desarrollo Comunitario certificada (CDFI) y miembro de la Alianza Global para una Banca Basada en Valores. Ofrecemos servicios innovadores en todas nuestras propuestas bancarias b\u00e1sicas y tecnolog\u00eda financiera.<\/p>\n<p>Estas certificaciones y membres\u00edas demuestran nuestro compromiso con la banca basada en valores:<\/p>\n"},{"acf_fc_layout":"default_checkmarks","section_id":"","background_color":"gray","items":[{"title":"<a href=\"https:\/\/sunrisebanks.com\/impact\/b-corp\/\" target=\"_blank\" rel=\"noopener\">Corporaci\u00f3n B Certificada <i class=\"fa fa-external-link\"><\/i><\/a> ","description":""},{"title":"   <a href=\"https:\/\/www.cdfifund.gov\/\" target=\"_blank\" rel=\"noopener\">Instituci\u00f3n Financiera para el Desarrollo Comunitario certificada <i class=\"fa fa-external-link\"><span class=\"sr-only\">Enlace externo<\/span><\/i><\/a>","description":""},{"title":"<a href=\"https:\/\/www.gabv.org\/\" target=\"_blank\" rel=\"noopener\">Miembro de la Alianza Global para una Banca Basada en Valores <i class=\"fa fa-external-link\"><span class=\"sr-only\">Enlace externo<\/span><\/i><\/a>","description":""}],"outro":""},{"acf_fc_layout":"default_plain_text","section_id":"","background_color":"white","button_option":"no","button":null,"button_aria_label":"","copy":"<h2>Un futuro m\u00e1s brillante con una banca ecol\u00f3gicamente responsable<\/h2>\n<p>Estamos orgullosos de ser miembros de la Alianza Global para una Banca Basada en Valores, una organizaci\u00f3n centrada en tres valores: empoderamiento social, regeneraci\u00f3n ambiental y resiliencia econ\u00f3mica. En Sunrise Banks utilizamos el marco de la Asociaci\u00f3n para la Contabilidad Financiera del Carbono (PCAF) para medir las emisiones de carbono de nuestros portafolios de pr\u00e9stamos y operaciones.<\/p>\n<a class=\"button d-inline-flex align-items-center\" href=\"https:\/\/sunrisebanks.com\/impact\/impact-report\/\" target=\"\" aria-label=\"Lea nuestro informe sobre la huella de carbono\">Lea nuestro informe sobre la huella de carbono<\/a>\n<p>Entendemos que el dinero, usado de manera diferente, puede ser una influencia positiva. El clima afecta a todos los aspectos de nuestra comunidad, incluidos nuestros bolsillos. Es por eso que estamos orgullosos de ofrecer servicios bancarios ecol\u00f3gicamente responsables en Minnesota, South Dakota  y m\u00e1s all\u00e1.<\/p>\n<a class=\"button d-inline-flex align-items-center\" href=\"https:\/\/sunrisebanks.com\/net-zero-resources\/\" target=\"\" aria-label=\"M\u00e1s informaci\u00f3n\">M\u00e1s informaci\u00f3n<\/a>\n"},{"acf_fc_layout":"default_related_items","section_id":"","background_color":"gray","section_title":"<h2>M\u00e1s informaci\u00f3n sobre Sunrise Banks<\/h2>\n","items":[{"copy":"<h3>Afiliaciones<\/h3>\n<p>B Corp, CDFI y GABV: \u00bfqu\u00e9 significan estas siglas y c\u00f3mo se relacionan con nuestra misi\u00f3n?<\/p>\n","link":{"title":"Learn More","url":"https:\/\/sunrisebanks.com\/social-impact\/social-impact-affiliations\/","target":""},"link_aria_label":""},{"copy":"<h3>Informe de impacto<\/h3>\n<p>Ent\u00e9rese de c\u00f3mo trabajamos con nuestras comunidades para ayudarlas a prosperar.<\/p>\n","link":{"title":"Learn More","url":"https:\/\/sunrisebanks.com\/social-impact\/community-involvement\/","target":""},"link_aria_label":""},{"copy":"<h3>Historias<\/h3>\n<p>Conozca a algunos de nuestros clientes y el impacto que est\u00e1n generando.<\/p>\n","link":{"title":"Learn More","url":"https:\/\/sunrisebanks.com\/stories\/","target":""},"link_aria_label":""}]}]},"yoast_head":"<!-- This site is optimized with the Yoast SEO plugin v26.4 - https:\/\/yoast.com\/wordpress\/plugins\/seo\/ -->\n<title>Qui\u00e9nes somos | Banca \u00c9tica | Sunrise Banks, MN<\/title>\n<meta name=\"description\" content=\"Sunrise Banks ofrece servicios bancarios basados en valores. Ent\u00e9rese de nuestro compromiso para mejorar nuestra comunidad y c\u00f3mo estamos invirtiendo en soluciones bancarias ecol\u00f3gicas.\" \/>\n<meta name=\"robots\" content=\"index, follow, max-snippet:-1, max-image-preview:large, max-video-preview:-1\" \/>\n<link rel=\"canonical\" href=\"https:\/\/sunrisebanks.com\/es\/quienes-somos\/\" \/>\n<meta property=\"og:locale\" content=\"es_ES\" \/>\n<meta property=\"og:type\" content=\"article\" \/>\n<meta property=\"og:title\" content=\"Qui\u00e9nes somos | Banca \u00c9tica | Sunrise Banks, MN\" \/>\n<meta property=\"og:description\" content=\"Sunrise Banks ofrece servicios bancarios basados en valores. Ent\u00e9rese de nuestro compromiso para mejorar nuestra comunidad y c\u00f3mo estamos invirtiendo en soluciones bancarias ecol\u00f3gicas.\" \/>\n<meta property=\"og:url\" content=\"https:\/\/sunrisebanks.com\/es\/quienes-somos\/\" \/>\n<meta property=\"og:site_name\" content=\"Sunrise Banks\" \/>\n<meta property=\"article:publisher\" content=\"https:\/\/www.facebook.com\/SunriseBanks\" \/>\n<meta name=\"twitter:card\" content=\"summary_large_image\" \/>\n<meta name=\"twitter:site\" content=\"@SunriseBanks\" \/>\n<script type=\"application\/ld+json\" class=\"yoast-schema-graph\">{\"@context\":\"https:\/\/schema.org\",\"@graph\":[{\"@type\":\"WebPage\",\"@id\":\"https:\/\/sunrisebanks.com\/es\/quienes-somos\/\",\"url\":\"https:\/\/sunrisebanks.com\/es\/quienes-somos\/\",\"name\":\"Qui\u00e9nes somos | Banca \u00c9tica | Sunrise Banks, MN\",\"isPartOf\":{\"@id\":\"https:\/\/sunrisebanks.com\/es\/#website\"},\"datePublished\":\"2019-04-30T22:04:35+00:00\",\"description\":\"Sunrise Banks ofrece servicios bancarios basados en valores. Ent\u00e9rese de nuestro compromiso para mejorar nuestra comunidad y c\u00f3mo estamos invirtiendo en soluciones bancarias ecol\u00f3gicas.\",\"breadcrumb\":{\"@id\":\"https:\/\/sunrisebanks.com\/es\/quienes-somos\/#breadcrumb\"},\"inLanguage\":\"es\",\"potentialAction\":[{\"@type\":\"ReadAction\",\"target\":[\"https:\/\/sunrisebanks.com\/es\/quienes-somos\/\"]}]},{\"@type\":\"BreadcrumbList\",\"@id\":\"https:\/\/sunrisebanks.com\/es\/quienes-somos\/#breadcrumb\",\"itemListElement\":[{\"@type\":\"ListItem\",\"position\":1,\"name\":\"Home\",\"item\":\"https:\/\/sunrisebanks.com\/es\/\"},{\"@type\":\"ListItem\",\"position\":2,\"name\":\"Qui\u00e9nes somos\"}]},{\"@type\":\"WebSite\",\"@id\":\"https:\/\/sunrisebanks.com\/es\/#website\",\"url\":\"https:\/\/sunrisebanks.com\/es\/\",\"name\":\"Sunrise Banks\",\"description\":\"\",\"publisher\":{\"@id\":\"https:\/\/sunrisebanks.com\/es\/#organization\"},\"potentialAction\":[{\"@type\":\"SearchAction\",\"target\":{\"@type\":\"EntryPoint\",\"urlTemplate\":\"https:\/\/sunrisebanks.com\/es\/?s={search_term_string}\"},\"query-input\":{\"@type\":\"PropertyValueSpecification\",\"valueRequired\":true,\"valueName\":\"search_term_string\"}}],\"inLanguage\":\"es\"},{\"@type\":\"Organization\",\"@id\":\"https:\/\/sunrisebanks.com\/es\/#organization\",\"name\":\"Sunrise Banks\",\"url\":\"https:\/\/sunrisebanks.com\/es\/\",\"logo\":{\"@type\":\"ImageObject\",\"inLanguage\":\"es\",\"@id\":\"https:\/\/sunrisebanks.com\/es\/#\/schema\/logo\/image\/\",\"url\":\"https:\/\/sunrisebanks.com\/wp-content\/uploads\/2025\/02\/SB_Logo_Horizontal_FullColor_Twilight_RGB_website.svg\",\"contentUrl\":\"https:\/\/sunrisebanks.com\/wp-content\/uploads\/2025\/02\/SB_Logo_Horizontal_FullColor_Twilight_RGB_website.svg\",\"width\":240,\"height\":69,\"caption\":\"Sunrise Banks\"},\"image\":{\"@id\":\"https:\/\/sunrisebanks.com\/es\/#\/schema\/logo\/image\/\"},\"sameAs\":[\"https:\/\/www.facebook.com\/SunriseBanks\",\"https:\/\/x.com\/SunriseBanks\",\"https:\/\/www.linkedin.com\/company\/957063\/admin\/\",\"https:\/\/www.instagram.com\/sunrisebanks\/\"]}]}<\/script>\n<!-- \/ Yoast SEO plugin. -->","yoast_head_json":{"title":"Qui\u00e9nes somos | Banca \u00c9tica | Sunrise Banks, MN","description":"Sunrise Banks ofrece servicios bancarios basados en valores. Ent\u00e9rese de nuestro compromiso para mejorar nuestra comunidad y c\u00f3mo estamos invirtiendo en soluciones bancarias ecol\u00f3gicas.","robots":{"index":"index","follow":"follow","max-snippet":"max-snippet:-1","max-image-preview":"max-image-preview:large","max-video-preview":"max-video-preview:-1"},"canonical":"https:\/\/sunrisebanks.com\/es\/quienes-somos\/","og_locale":"es_ES","og_type":"article","og_title":"Qui\u00e9nes somos | Banca \u00c9tica | Sunrise Banks, MN","og_description":"Sunrise Banks ofrece servicios bancarios basados en valores. Ent\u00e9rese de nuestro compromiso para mejorar nuestra comunidad y c\u00f3mo estamos invirtiendo en soluciones bancarias ecol\u00f3gicas.","og_url":"https:\/\/sunrisebanks.com\/es\/quienes-somos\/","og_site_name":"Sunrise Banks","article_publisher":"https:\/\/www.facebook.com\/SunriseBanks","twitter_card":"summary_large_image","twitter_site":"@SunriseBanks","schema":{"@context":"https:\/\/schema.org","@graph":[{"@type":"WebPage","@id":"https:\/\/sunrisebanks.com\/es\/quienes-somos\/","url":"https:\/\/sunrisebanks.com\/es\/quienes-somos\/","name":"Qui\u00e9nes somos | Banca \u00c9tica | Sunrise Banks, MN","isPartOf":{"@id":"https:\/\/sunrisebanks.com\/es\/#website"},"datePublished":"2019-04-30T22:04:35+00:00","description":"Sunrise Banks ofrece servicios bancarios basados en valores. Ent\u00e9rese de nuestro compromiso para mejorar nuestra comunidad y c\u00f3mo estamos invirtiendo en soluciones bancarias ecol\u00f3gicas.","breadcrumb":{"@id":"https:\/\/sunrisebanks.com\/es\/quienes-somos\/#breadcrumb"},"inLanguage":"es","potentialAction":[{"@type":"ReadAction","target":["https:\/\/sunrisebanks.com\/es\/quienes-somos\/"]}]},{"@type":"BreadcrumbList","@id":"https:\/\/sunrisebanks.com\/es\/quienes-somos\/#breadcrumb","itemListElement":[{"@type":"ListItem","position":1,"name":"Home","item":"https:\/\/sunrisebanks.com\/es\/"},{"@type":"ListItem","position":2,"name":"Qui\u00e9nes somos"}]},{"@type":"WebSite","@id":"https:\/\/sunrisebanks.com\/es\/#website","url":"https:\/\/sunrisebanks.com\/es\/","name":"Sunrise Banks","description":"","publisher":{"@id":"https:\/\/sunrisebanks.com\/es\/#organization"},"potentialAction":[{"@type":"SearchAction","target":{"@type":"EntryPoint","urlTemplate":"https:\/\/sunrisebanks.com\/es\/?s={search_term_string}"},"query-input":{"@type":"PropertyValueSpecification","valueRequired":true,"valueName":"search_term_string"}}],"inLanguage":"es"},{"@type":"Organization","@id":"https:\/\/sunrisebanks.com\/es\/#organization","name":"Sunrise Banks","url":"https:\/\/sunrisebanks.com\/es\/","logo":{"@type":"ImageObject","inLanguage":"es","@id":"https:\/\/sunrisebanks.com\/es\/#\/schema\/logo\/image\/","url":"https:\/\/sunrisebanks.com\/wp-content\/uploads\/2025\/02\/SB_Logo_Horizontal_FullColor_Twilight_RGB_website.svg","contentUrl":"https:\/\/sunrisebanks.com\/wp-content\/uploads\/2025\/02\/SB_Logo_Horizontal_FullColor_Twilight_RGB_website.svg","width":240,"height":69,"caption":"Sunrise Banks"},"image":{"@id":"https:\/\/sunrisebanks.com\/es\/#\/schema\/logo\/image\/"},"sameAs":["https:\/\/www.facebook.com\/SunriseBanks","https:\/\/x.com\/SunriseBanks","https:\/\/www.linkedin.com\/company\/957063\/admin\/","https:\/\/www.instagram.com\/sunrisebanks\/"]}]}},"_links":{"self":[{"href":"https:\/\/sunrisebanks.com\/es\/wp-json\/wp\/v2\/pages\/20506","targetHints":{"allow":["GET"]}}],"collection":[{"href":"https:\/\/sunrisebanks.com\/es\/wp-json\/wp\/v2\/pages"}],"about":[{"href":"https:\/\/sunrisebanks.com\/es\/wp-json\/wp\/v2\/types\/page"}],"author":[{"embeddable":true,"href":"https:\/\/sunrisebanks.com\/es\/wp-json\/wp\/v2\/users\/1"}],"replies":[{"embeddable":true,"href":"https:\/\/sunrisebanks.com\/es\/wp-json\/wp\/v2\/comments?post=20506"}],"version-history":[{"count":0,"href":"https:\/\/sunrisebanks.com\/es\/wp-json\/wp\/v2\/pages\/20506\/revisions"}],"wp:attachment":[{"href":"https:\/\/sunrisebanks.com\/es\/wp-json\/wp\/v2\/media?parent=20506"}],"wp:term":[{"taxonomy":"offering","embeddable":true,"href":"https:\/\/sunrisebanks.com\/es\/wp-json\/wp\/v2\/offering?post=20506"}],"curies":[{"name":"wp","href":"https:\/\/api.w.org\/{rel}","templated":true}]}}