{"id":20517,"date":"2019-06-07T18:58:57","date_gmt":"2019-06-07T23:58:57","guid":{"rendered":"https:\/\/sunrisebanks.com\/contactenos\/"},"modified":"2019-06-07T18:58:57","modified_gmt":"2019-06-07T23:58:57","slug":"contactenos","status":"publish","type":"page","link":"https:\/\/sunrisebanks.com\/es\/contactenos\/","title":{"rendered":"Cont\u00e1ctenos"},"content":{"rendered":null,"protected":false},"excerpt":{"rendered":"<p>Creemos que la base cualquier relaci\u00f3n exitosa es la confianza, la transparencia y la voluntad de personalizar los servicios para cada uno de nuestros clientes. P\u00f3ngase en contacto con nosotros para obtener m\u00e1s informaci\u00f3n sobre sus opciones.<\/p>\n","protected":false},"author":1,"featured_media":0,"parent":0,"menu_order":0,"comment_status":"closed","ping_status":"closed","template":"","meta":{"_acf_changed":false,"footnotes":""},"offering":[],"class_list":["post-20517","page","type-page","status-publish","hentry"],"acf":{"content_blocks":[{"acf_fc_layout":"default_banner","heading_1":"Cont\u00e1ctenos","heading_2":"Creemos que la base cualquier relaci\u00f3n exitosa es la confianza, la transparencia y la voluntad de personalizar los servicios para cada uno de nuestros clientes.","background_image":false},{"acf_fc_layout":"default_phone_numbers","section_id":"phone","background_color":"gray","copy":"<h2>Ll\u00e1menos<\/h2>\n<p>Para preguntas generales sobre cuentas y banca digital, llame:<br \/>\n<span class=\"ui-provider a b c d e f g h i j k l m n o p q r s t u v w x y z ab ac ae af ag ah ai aj ak\" dir=\"ltr\">Llamada gratuita: <a href=\"tel:+1 (844) 786-5600\" target=\"_blank\" rel=\"noopener\">1 (844) 786-5600<\/a><\/span><br \/>\no <a href=\"tel:+1-651-265-5600\" target=\"_blank\" rel=\"noopener\">(651) 265-5600 <i class=\"fa fa-external-link\"><span class=\"sr-only\">Enlace externo<\/span><\/i><\/a><\/p>\n<p>Para preguntas sobre soporte de gesti\u00f3n de tesorer\u00eda, llame:<br \/>\n<a href=\"tel:+1-651-265-5640\" target=\"_blank\" rel=\"noopener\">(651) 265-5640 <i class=\"fa fa-external-link\"><span class=\"sr-only\">Enlace externo<\/span><\/i><\/a><\/p>\n","numbers":false,"copy_2":""},{"acf_fc_layout":"default_plain_text","section_id":"helloform","background_color":"white","button_option":"no","button":null,"button_aria_label":"","copy":"<p><script charset=\"utf-8\" type=\"text\/javascript\" src=\"\/\/js.hsforms.net\/forms\/embed\/v2.js\"><\/script><br \/>\n<script>\n  hbspt.forms.create({\n    portalId: \"49039413\",\n    formId: \"1d3edeb4-b2cf-4cd7-aa9d-996bebeab374\",\n    region: \"na1\"\n  });\n<\/script><\/p>\n"},{"acf_fc_layout":"default_plain_text","section_id":"","background_color":"gray","button_option":"no","button":null,"button_aria_label":"","copy":"<h2>Obtenga ayuda con los desaf\u00edos de pago<\/h2>\n<p>Estamos aqu\u00ed para ayudar. Ll\u00e1menos al <a href=\"tel:866-827-0007\" target=\"_blank\" rel=\"noopener\">866-827-0007 <i class=\"fa fa-external-link\"><span class=\"sr-only\">Enlace externo<\/span><\/i><\/a> o consulte m\u00e1s informaci\u00f3n sobre sus opciones:<\/p>\n<a class=\"button d-inline-flex align-items-center\" href=\"https:\/\/sunrisebanks.com\/mortgage-payment-challenges\" target=\"\" aria-label=\"Obtenga ayuda con los desaf\u00edos de pago de la hipoteca\">Obtenga ayuda con los desaf\u00edos de pago de la hipoteca<\/a>\n<a class=\"button d-inline-flex align-items-center\" href=\"https:\/\/sunrisebanks.com\/consumer-payment-challenges\" target=\"\" aria-label=\"\"><\/a>\n"}]},"yoast_head":"<!-- This site is optimized with the Yoast SEO plugin v26.4 - https:\/\/yoast.com\/wordpress\/plugins\/seo\/ -->\n<title>Cont\u00e1ctenos | Sunrise Banks, Minnesota<\/title>\n<meta name=\"description\" content=\"\u00bfTiene alguna pregunta, comentario o inquietud relacionada con Sunrise Banks? Comun\u00edquese con nuestro amable equipo para encontrar una soluci\u00f3n.\" \/>\n<meta name=\"robots\" content=\"index, follow, max-snippet:-1, max-image-preview:large, max-video-preview:-1\" \/>\n<link rel=\"canonical\" href=\"https:\/\/sunrisebanks.com\/es\/contactenos\/\" \/>\n<meta property=\"og:locale\" content=\"es_ES\" \/>\n<meta property=\"og:type\" content=\"article\" \/>\n<meta property=\"og:title\" content=\"Cont\u00e1ctenos | Sunrise Banks, Minnesota\" \/>\n<meta property=\"og:description\" content=\"\u00bfTiene alguna pregunta, comentario o inquietud relacionada con Sunrise Banks? Comun\u00edquese con nuestro amable equipo para encontrar una soluci\u00f3n.\" \/>\n<meta property=\"og:url\" content=\"https:\/\/sunrisebanks.com\/es\/contactenos\/\" \/>\n<meta property=\"og:site_name\" content=\"Sunrise Banks\" \/>\n<meta property=\"article:publisher\" content=\"https:\/\/www.facebook.com\/SunriseBanks\" \/>\n<meta name=\"twitter:card\" content=\"summary_large_image\" \/>\n<meta name=\"twitter:site\" content=\"@SunriseBanks\" \/>\n<script type=\"application\/ld+json\" class=\"yoast-schema-graph\">{\"@context\":\"https:\/\/schema.org\",\"@graph\":[{\"@type\":\"WebPage\",\"@id\":\"https:\/\/sunrisebanks.com\/es\/contactenos\/\",\"url\":\"https:\/\/sunrisebanks.com\/es\/contactenos\/\",\"name\":\"Cont\u00e1ctenos | Sunrise Banks, Minnesota\",\"isPartOf\":{\"@id\":\"https:\/\/sunrisebanks.com\/es\/#website\"},\"datePublished\":\"2019-06-07T23:58:57+00:00\",\"description\":\"\u00bfTiene alguna pregunta, comentario o inquietud relacionada con Sunrise Banks? Comun\u00edquese con nuestro amable equipo para encontrar una soluci\u00f3n.\",\"breadcrumb\":{\"@id\":\"https:\/\/sunrisebanks.com\/es\/contactenos\/#breadcrumb\"},\"inLanguage\":\"es\",\"potentialAction\":[{\"@type\":\"ReadAction\",\"target\":[\"https:\/\/sunrisebanks.com\/es\/contactenos\/\"]}]},{\"@type\":\"BreadcrumbList\",\"@id\":\"https:\/\/sunrisebanks.com\/es\/contactenos\/#breadcrumb\",\"itemListElement\":[{\"@type\":\"ListItem\",\"position\":1,\"name\":\"Home\",\"item\":\"https:\/\/sunrisebanks.com\/es\/\"},{\"@type\":\"ListItem\",\"position\":2,\"name\":\"Cont\u00e1ctenos\"}]},{\"@type\":\"WebSite\",\"@id\":\"https:\/\/sunrisebanks.com\/es\/#website\",\"url\":\"https:\/\/sunrisebanks.com\/es\/\",\"name\":\"Sunrise Banks\",\"description\":\"\",\"publisher\":{\"@id\":\"https:\/\/sunrisebanks.com\/es\/#organization\"},\"potentialAction\":[{\"@type\":\"SearchAction\",\"target\":{\"@type\":\"EntryPoint\",\"urlTemplate\":\"https:\/\/sunrisebanks.com\/es\/?s={search_term_string}\"},\"query-input\":{\"@type\":\"PropertyValueSpecification\",\"valueRequired\":true,\"valueName\":\"search_term_string\"}}],\"inLanguage\":\"es\"},{\"@type\":\"Organization\",\"@id\":\"https:\/\/sunrisebanks.com\/es\/#organization\",\"name\":\"Sunrise Banks\",\"url\":\"https:\/\/sunrisebanks.com\/es\/\",\"logo\":{\"@type\":\"ImageObject\",\"inLanguage\":\"es\",\"@id\":\"https:\/\/sunrisebanks.com\/es\/#\/schema\/logo\/image\/\",\"url\":\"https:\/\/sunrisebanks.com\/wp-content\/uploads\/2025\/02\/SB_Logo_Horizontal_FullColor_Twilight_RGB_website.svg\",\"contentUrl\":\"https:\/\/sunrisebanks.com\/wp-content\/uploads\/2025\/02\/SB_Logo_Horizontal_FullColor_Twilight_RGB_website.svg\",\"width\":240,\"height\":69,\"caption\":\"Sunrise Banks\"},\"image\":{\"@id\":\"https:\/\/sunrisebanks.com\/es\/#\/schema\/logo\/image\/\"},\"sameAs\":[\"https:\/\/www.facebook.com\/SunriseBanks\",\"https:\/\/x.com\/SunriseBanks\",\"https:\/\/www.linkedin.com\/company\/957063\/admin\/\",\"https:\/\/www.instagram.com\/sunrisebanks\/\"]}]}<\/script>\n<!-- \/ Yoast SEO plugin. -->","yoast_head_json":{"title":"Cont\u00e1ctenos | Sunrise Banks, Minnesota","description":"\u00bfTiene alguna pregunta, comentario o inquietud relacionada con Sunrise Banks? Comun\u00edquese con nuestro amable equipo para encontrar una soluci\u00f3n.","robots":{"index":"index","follow":"follow","max-snippet":"max-snippet:-1","max-image-preview":"max-image-preview:large","max-video-preview":"max-video-preview:-1"},"canonical":"https:\/\/sunrisebanks.com\/es\/contactenos\/","og_locale":"es_ES","og_type":"article","og_title":"Cont\u00e1ctenos | Sunrise Banks, Minnesota","og_description":"\u00bfTiene alguna pregunta, comentario o inquietud relacionada con Sunrise Banks? Comun\u00edquese con nuestro amable equipo para encontrar una soluci\u00f3n.","og_url":"https:\/\/sunrisebanks.com\/es\/contactenos\/","og_site_name":"Sunrise Banks","article_publisher":"https:\/\/www.facebook.com\/SunriseBanks","twitter_card":"summary_large_image","twitter_site":"@SunriseBanks","schema":{"@context":"https:\/\/schema.org","@graph":[{"@type":"WebPage","@id":"https:\/\/sunrisebanks.com\/es\/contactenos\/","url":"https:\/\/sunrisebanks.com\/es\/contactenos\/","name":"Cont\u00e1ctenos | Sunrise Banks, Minnesota","isPartOf":{"@id":"https:\/\/sunrisebanks.com\/es\/#website"},"datePublished":"2019-06-07T23:58:57+00:00","description":"\u00bfTiene alguna pregunta, comentario o inquietud relacionada con Sunrise Banks? Comun\u00edquese con nuestro amable equipo para encontrar una soluci\u00f3n.","breadcrumb":{"@id":"https:\/\/sunrisebanks.com\/es\/contactenos\/#breadcrumb"},"inLanguage":"es","potentialAction":[{"@type":"ReadAction","target":["https:\/\/sunrisebanks.com\/es\/contactenos\/"]}]},{"@type":"BreadcrumbList","@id":"https:\/\/sunrisebanks.com\/es\/contactenos\/#breadcrumb","itemListElement":[{"@type":"ListItem","position":1,"name":"Home","item":"https:\/\/sunrisebanks.com\/es\/"},{"@type":"ListItem","position":2,"name":"Cont\u00e1ctenos"}]},{"@type":"WebSite","@id":"https:\/\/sunrisebanks.com\/es\/#website","url":"https:\/\/sunrisebanks.com\/es\/","name":"Sunrise Banks","description":"","publisher":{"@id":"https:\/\/sunrisebanks.com\/es\/#organization"},"potentialAction":[{"@type":"SearchAction","target":{"@type":"EntryPoint","urlTemplate":"https:\/\/sunrisebanks.com\/es\/?s={search_term_string}"},"query-input":{"@type":"PropertyValueSpecification","valueRequired":true,"valueName":"search_term_string"}}],"inLanguage":"es"},{"@type":"Organization","@id":"https:\/\/sunrisebanks.com\/es\/#organization","name":"Sunrise Banks","url":"https:\/\/sunrisebanks.com\/es\/","logo":{"@type":"ImageObject","inLanguage":"es","@id":"https:\/\/sunrisebanks.com\/es\/#\/schema\/logo\/image\/","url":"https:\/\/sunrisebanks.com\/wp-content\/uploads\/2025\/02\/SB_Logo_Horizontal_FullColor_Twilight_RGB_website.svg","contentUrl":"https:\/\/sunrisebanks.com\/wp-content\/uploads\/2025\/02\/SB_Logo_Horizontal_FullColor_Twilight_RGB_website.svg","width":240,"height":69,"caption":"Sunrise Banks"},"image":{"@id":"https:\/\/sunrisebanks.com\/es\/#\/schema\/logo\/image\/"},"sameAs":["https:\/\/www.facebook.com\/SunriseBanks","https:\/\/x.com\/SunriseBanks","https:\/\/www.linkedin.com\/company\/957063\/admin\/","https:\/\/www.instagram.com\/sunrisebanks\/"]}]}},"_links":{"self":[{"href":"https:\/\/sunrisebanks.com\/es\/wp-json\/wp\/v2\/pages\/20517","targetHints":{"allow":["GET"]}}],"collection":[{"href":"https:\/\/sunrisebanks.com\/es\/wp-json\/wp\/v2\/pages"}],"about":[{"href":"https:\/\/sunrisebanks.com\/es\/wp-json\/wp\/v2\/types\/page"}],"author":[{"embeddable":true,"href":"https:\/\/sunrisebanks.com\/es\/wp-json\/wp\/v2\/users\/1"}],"replies":[{"embeddable":true,"href":"https:\/\/sunrisebanks.com\/es\/wp-json\/wp\/v2\/comments?post=20517"}],"version-history":[{"count":0,"href":"https:\/\/sunrisebanks.com\/es\/wp-json\/wp\/v2\/pages\/20517\/revisions"}],"wp:attachment":[{"href":"https:\/\/sunrisebanks.com\/es\/wp-json\/wp\/v2\/media?parent=20517"}],"wp:term":[{"taxonomy":"offering","embeddable":true,"href":"https:\/\/sunrisebanks.com\/es\/wp-json\/wp\/v2\/offering?post=20517"}],"curies":[{"name":"wp","href":"https:\/\/api.w.org\/{rel}","templated":true}]}}