{"id":20580,"date":"2025-04-24T10:15:26","date_gmt":"2025-04-24T15:15:26","guid":{"rendered":"https:\/\/sunrisebanks.com\/banca-personal\/"},"modified":"2025-04-24T10:15:26","modified_gmt":"2025-04-24T15:15:26","slug":"banca-personal","status":"publish","type":"page","link":"https:\/\/sunrisebanks.com\/es\/banca-personal\/","title":{"rendered":"Banca Personal"},"content":{"rendered":null,"protected":false},"excerpt":{"rendered":"","protected":false},"author":55,"featured_media":0,"parent":0,"menu_order":0,"comment_status":"closed","ping_status":"closed","template":"page-product.php","meta":{"_acf_changed":false,"footnotes":""},"offering":[],"class_list":["post-20580","page","type-page","status-publish","hentry"],"acf":{"content_blocks":[{"acf_fc_layout":"product_banner","heading_1":"Banca Personal ","heading_2":"D\u00e9 el primer paso hacia su potencial financiero","button":{"title":"","url":"","target":"","0":""},"button_aria_label":"","button_subtext":"","background_image":{"ID":20505,"id":20505,"title":"Women smiling and chatting at table in bank","filename":"SB_Washington_327_Opt.jpg","filesize":120934,"url":"https:\/\/sunrisebanks.com\/wp-content\/uploads\/2019\/06\/SB_Washington_327_Opt.jpg","link":"https:\/\/sunrisebanks.com\/es\/banca-personal\/cuenta-de-ahorros-thrift\/sb_washington_327_opt-3\/","alt":"Women smiling and chatting at table in bank","author":"1","description":"","caption":"","name":"sb_washington_327_opt-3","status":"inherit","uploaded_to":20504,"date":"2019-06-12 16:15:33","modified":"2019-06-12 16:15:33","menu_order":0,"mime_type":"image\/jpeg","type":"image","subtype":"jpeg","icon":"https:\/\/sunrisebanks.com\/wp-includes\/images\/media\/default.png","width":1500,"height":550,"sizes":{"thumbnail":"https:\/\/sunrisebanks.com\/wp-content\/uploads\/2019\/06\/SB_Washington_327_Opt-150x150.jpg","thumbnail-width":150,"thumbnail-height":150,"medium":"https:\/\/sunrisebanks.com\/wp-content\/uploads\/2019\/06\/SB_Washington_327_Opt-300x110.jpg","medium-width":300,"medium-height":110,"medium_large":"https:\/\/sunrisebanks.com\/wp-content\/uploads\/2019\/06\/SB_Washington_327_Opt-768x282.jpg","medium_large-width":640,"medium_large-height":235,"large":"https:\/\/sunrisebanks.com\/wp-content\/uploads\/2019\/06\/SB_Washington_327_Opt-1024x375.jpg","large-width":640,"large-height":234,"1536x1536":"https:\/\/sunrisebanks.com\/wp-content\/uploads\/2019\/06\/SB_Washington_327_Opt.jpg","1536x1536-width":1500,"1536x1536-height":550,"2048x2048":"https:\/\/sunrisebanks.com\/wp-content\/uploads\/2019\/06\/SB_Washington_327_Opt.jpg","2048x2048-width":1500,"2048x2048-height":550,"full-width":"https:\/\/sunrisebanks.com\/wp-content\/uploads\/2019\/06\/SB_Washington_327_Opt.jpg","full-width-width":1500,"full-width-height":550,"gform-image-choice-sm":"https:\/\/sunrisebanks.com\/wp-content\/uploads\/2019\/06\/SB_Washington_327_Opt.jpg","gform-image-choice-sm-width":300,"gform-image-choice-sm-height":110,"gform-image-choice-md":"https:\/\/sunrisebanks.com\/wp-content\/uploads\/2019\/06\/SB_Washington_327_Opt.jpg","gform-image-choice-md-width":400,"gform-image-choice-md-height":147,"gform-image-choice-lg":"https:\/\/sunrisebanks.com\/wp-content\/uploads\/2019\/06\/SB_Washington_327_Opt.jpg","gform-image-choice-lg-width":600,"gform-image-choice-lg-height":220}}},{"acf_fc_layout":"product_intro","section_id":"","background_color":"white","copy":"<p>Asegure su futuro, maneje su presente y alcance sus objetivos con nuestras soluciones de Banca Personal. Ofrecemos varias opciones de banca personal para ayudarle a ahorrar, monitorear y hacer un seguimiento de su dinero desde cualquier lugar, al mismo tiempo que garantizamos la seguridad de sus fondos.<\/p>\n","featured_items":false,"section_title":"","links":false},{"acf_fc_layout":"product_other_options","section_id":"","background_color":"gray","section_title":"<h2><strong>Cualquier cuenta de Sunrise Banks puede ser un motor para impulsar el cambio.<\/strong><\/h2>\n<p>Nuestras opciones de banca \u00e9tica le permiten participar en la promoci\u00f3n de un impacto positivo al convertir cada transacci\u00f3n en una corriente de cambios positivos. <strong>Comience eligiendo su tipo de cuenta corriente, de ahorros o de CD a continuaci\u00f3n.<\/strong><\/p>\n","options":false},{"acf_fc_layout":"product_checkmarks","section_id":"","background_color":"white","copy":"<h2><strong>Elija la cuenta corriente adecuada para su estilo de vida.<\/strong><\/h2>\n<p>Ofrecemos soluciones sencillas y personalizadas que se adaptan a sus necesidades diarias. Aproveche tasas competitivas, herramientas f\u00e1ciles de usar y disfrute de la tranquilidad de saber que sus finanzas est\u00e1n en buenas manos.<\/p>\n<p>Ya sea que est\u00e9 buscando<a href=\"https:\/\/sunrisebanks.com\/personal-banking\/key-checking\/\"> una cuenta corriente b\u00e1sica<\/a> o prefiera<a href=\"https:\/\/sunrisebanks.com\/personal-banking\/platinum-checking\/\"> ganar recompensas<\/a> sobre sus transacciones, nosotros nos ocupamos de eso. Tambi\u00e9n ofrecemos cuentas especiales para personas <a href=\"https:\/\/sunrisebanks.com\/personal-banking\/senior-checking\/\">de 55 a\u00f1os y m\u00e1s<\/a> y soluciones de cuentas corrientes <a href=\"https:\/\/sunrisebanks.com\/personal-banking\/rise-checking\/\">sin cargos por sobregiro<\/a> para aliviar sus preocupaciones sobre la falta de fondos.<\/p>\n\n<table id=\"tablepress-33\" class=\"tablepress tablepress-id-33 tab-table\">\n<thead>\n<tr class=\"row-1\">\n\t<td class=\"column-1\" scope=\"col\"><\/td><th class=\"column-2\" scope=\"col\">Minimum Balance to Open<\/th><th class=\"column-3\" scope=\"col\">Monthly Maintenance Fee<\/th><th class=\"column-4\" scope=\"col\">Get Started<\/th><th class=\"column-5\" scope=\"col\">Eligible for Net Zero and Community Impact Deposits<\/th>\n<\/tr>\n<\/thead>\n<tbody class=\"row-striping row-hover\">\n<tr class=\"row-2\">\n\t<td class=\"column-1\" scope=\"row\"><a href=\"https:\/\/sunrisebanks.com\/personal-banking\/key-checking\/\">Key Checking<\/a><\/td><td class=\"column-2\">$25<\/td><td class=\"column-3\">$0<\/td><td class=\"column-4\"><a href=\"https:\/\/sunrise-nextgen.my.site.com\/nPortal__SelfRegistration?core==es5?product=a45Hr000000UJoV\">Apply Online<\/a><\/td><td class=\"column-5\">\u2713<\/td>\n<\/tr>\n<tr class=\"row-3\">\n\t<td class=\"column-1\" scope=\"row\"><a href=\"https:\/\/sunrisebanks.com\/personal-banking\/platinum-checking\/\">Platinum Checking Rewards<\/a><\/td><td class=\"column-2\">$100<\/td><td class=\"column-3\">$10<\/td><td class=\"column-4\"><a href=\"https:\/\/sunrise-nextgen.my.site.com\/nPortal__SelfRegistration?core==es5?product=a45Hr000000UJoU\">Apply Online<\/a><\/td><td class=\"column-5\">\u2713<\/td>\n<\/tr>\n<tr class=\"row-4\">\n\t<td class=\"column-1\" scope=\"row\"><a href=\"https:\/\/sunrisebanks.com\/personal-banking\/rise-checking\/\">Rise Checking<\/a><\/td><td class=\"column-2\">$25<\/td><td class=\"column-3\">$5<\/td><td class=\"column-4\"><a href=\"https:\/\/sunrise-nextgen.my.site.com\/nPortal__SelfRegistration?core==es5?product=a45Hr000000UJoT\">Apply Online<\/a><\/td><td class=\"column-5\">\u2713<\/td>\n<\/tr>\n<tr class=\"row-5\">\n\t<td class=\"column-1\" scope=\"row\"><a href=\"https:\/\/sunrisebanks.com\/personal-banking\/senior-checking\/\">Senior Checking<\/a><\/td><td class=\"column-2\">$100<\/td><td class=\"column-3\">$10 (waived if you have a direct deposit into the account.)<\/td><td class=\"column-4\"><a href=\"https:\/\/sunrise-nextgen.my.site.com\/nPortal__SelfRegistration?core==es5?product=a45Hr000000UJow\">Apply Online<\/a><\/td><td class=\"column-5\">\u2713<\/td>\n<\/tr>\n<\/tbody>\n<\/table>\n\n","items":[{"title":"<a href=\"https:\/\/sunrisebanks.com\/personal-banking\/key-checking\/\">Cuenta Corriente Key<\/a>","description":"","icons":false},{"title":"<a href=\"https:\/\/sunrisebanks.com\/personal-banking\/platinum-checking\/\">Cuenta Corriente Platinum Rewards<\/a>","description":"","icons":false},{"title":"<a href=\"https:\/\/sunrisebanks.com\/personal-banking\/rise-checking\/\">Cuenta Corriente Rise<\/a>","description":"","icons":false},{"title":"<a href=\"https:\/\/sunrisebanks.com\/personal-banking\/senior-checking\/\">Cuenta Corriente Senior<\/a>","description":"","icons":false}],"outro":""},{"acf_fc_layout":"product_checkmarks","section_id":"","background_color":"gray","copy":"<h2><strong>Maximice su potencial de ahorro.<\/strong><\/h2>\n<p>Comience su viaje hacia la seguridad financiera con nuestras diversas cuentas de ahorros, cada una dise\u00f1ada para satisfacer diferentes objetivos y necesidades financieras. Aproveche tasas de inter\u00e9s competitivas, opciones flexibles y las herramientas esenciales para ayudarle a alcanzar sus objetivos de ahorros.<\/p>\n<p>Dependiendo de sus objetivos de inversi\u00f3n, puede seleccionar entre <a href=\"https:\/\/sunrisebanks.com\/personal-banking\/thrift-savings\/\">cuentas de ahorro simples<\/a> y <a href=\"https:\/\/sunrisebanks.com\/personal-banking\/advantage-savings\/\">opciones escalonadas<\/a> con diversas <a href=\"https:\/\/sunrisebanks.com\/personal-banking\/premier-savings\/\">soluciones financieras basadas en intereses<\/a> para asegurar mejores tasas mientras ahorra para el ma\u00f1ana.<\/p>\n\n<table id=\"tablepress-34\" class=\"tablepress tablepress-id-34 tab-table\">\n<thead>\n<tr class=\"row-1\">\n\t<td class=\"column-1\" scope=\"col\"><\/td><th class=\"column-2\" scope=\"col\">Minimum Balance to Open<\/th><th class=\"column-3\" scope=\"col\">Monthly Maintenance Fee<\/th><th class=\"column-4\" scope=\"col\">Interest Earning Tiers<\/th><th class=\"column-5\" scope=\"col\">Get Started<\/th><th class=\"column-6\" scope=\"col\">Eligible for Net Zero and Community Impact Deposits<\/th>\n<\/tr>\n<\/thead>\n<tbody class=\"row-striping row-hover\">\n<tr class=\"row-2\">\n\t<td class=\"column-1\" scope=\"row\"><a href=\"https:\/\/sunrisebanks.com\/personal-banking\/thrift-savings\/\">Thrift Savings<\/a><\/td><td class=\"column-2\">$50<\/td><td class=\"column-3\">$3 unless $50 daily balance is maintained.<\/td><td class=\"column-4\">Variable interest rate paid monthly based on daily balance<\/td><td class=\"column-5\"><a href=\"https:\/\/sunrise-nextgen.my.site.com\/nPortal__SelfRegistration?core==es5?product=a45Hr000000UJob\">Apply Online<\/a><\/td><td class=\"column-6\">\u2713<\/td>\n<\/tr>\n<tr class=\"row-3\">\n\t<td class=\"column-1\" scope=\"row\"><a href=\"https:\/\/sunrisebanks.com\/personal-banking\/premier-savings\/\">Premier Savings<\/a><\/td><td class=\"column-2\">$100<\/td><td class=\"column-3\">$15 unless $30,000 daily balance is maintained.<\/td><td class=\"column-4\">\u2022 $0 - $29,999.99<br \/>\n\u2022 $30,000 - $49,999.99<br \/>\n\u2022 $50,000 - $99,999.99<br \/>\n\u2022 $100,000+<\/td><td class=\"column-5\"><a href=\"https:\/\/sunrise-nextgen.my.site.com\/nPortal__SelfRegistration?core==es5?product=a45Hr000000UJoa\">Apply Online<\/a><\/td><td class=\"column-6\">\u2713<\/td>\n<\/tr>\n<tr class=\"row-4\">\n\t<td class=\"column-1\" scope=\"row\"><a href=\"https:\/\/sunrisebanks.com\/personal-banking\/youth-savings\/\">Youth Savings<\/a><\/td><td class=\"column-2\">$20<\/td><td class=\"column-3\">None<\/td><td class=\"column-4\">Variable interest rate paid monthly based on daily balance<\/td><td class=\"column-5\"><a href=\"https:\/\/sunrisebanks.com\/contact\/#phone\">Contact Us<\/a><\/td><td class=\"column-6\">\u2713<\/td>\n<\/tr>\n<tr class=\"row-5\">\n\t<td class=\"column-1\" scope=\"row\"><a href=\"https:\/\/sunrisebanks.com\/personal-banking\/advantage-savings\/\">Advantage Savings<\/a><\/td><td class=\"column-2\">$100<\/td><td class=\"column-3\">$10 unless $1,000 daily balance is maintained.<\/td><td class=\"column-4\">\u2022 $0 - $999.99<br \/>\n\u2022 $1,000 - $9,999.99<br \/>\n\u2022 $10,000+<\/td><td class=\"column-5\"><a href=\"https:\/\/sunrise-nextgen.my.site.com\/nPortal__SelfRegistration?core==es5?product=a45Hr000000UJoZ\">Apply Online<\/a><\/td><td class=\"column-6\">\u2713<\/td>\n<\/tr>\n<\/tbody>\n<\/table>\n\n<p>Si desea ayudar a un miembro de su familia a comenzar a ahorrar antes de convertirse en adulto, consulte nuestra <a href=\"https:\/\/sunrisebanks.com\/personal-banking\/youth-savings\/\">Cuenta de Ahorros Youth<\/a>: no es s\u00f3lo una cuenta de ahorros, sino una herramienta para la educaci\u00f3n financiera temprana. Tambi\u00e9n puede aprovechar otra opci\u00f3n de ahorros con los <a href=\"https:\/\/sunrisebanks.com\/cds\/\">Certificados de Dep\u00f3sito<\/a> o la <a href=\"https:\/\/sunrisebanks.com\/personal-banking\/iras\/\">Cuenta de Jubilaci\u00f3n Individual(IRA)<\/a>, Roth o Tradicional, que ofrecen ventajas de impuestos para la jubilaci\u00f3n y le permiten invertir y hacer crecer sus fondos.<\/p>\n","items":[{"title":"<a href=\"https:\/\/sunrisebanks.com\/personal-banking\/thrift-savings\/\">Cuenta de Ahorros Thrift<\/a>","description":"","icons":false},{"title":"<a href=\"https:\/\/sunrisebanks.com\/personal-banking\/premier-savings\/\">Cuenta de Ahorros Premier<\/a>","description":"","icons":false},{"title":"<a href=\"https:\/\/sunrisebanks.com\/personal-banking\/youth-savings\/\">Cuenta de Ahorros Youth<\/a>","description":"","icons":false},{"title":"<a href=\"https:\/\/sunrisebanks.com\/personal-banking\/advantage-savings\/\">Cuenta de Ahorros Advantage<\/a>","description":"","icons":false},{"title":"<a href=\"https:\/\/sunrisebanks.com\/cds\/\">Certificados de Dep\u00f3sito<\/a>","description":"","icons":false},{"title":"<a href=\"https:\/\/sunrisebanks.com\/personal-banking\/iras\/\">Cuentas de Jubilaci\u00f3n Individuales (IRA)<\/a>","description":"","icons":false}],"outro":""},{"acf_fc_layout":"product_checkmarks","section_id":"","background_color":"white","copy":"<h2><strong>C\u00f3mo potenciar sus objetivos con nuestros servicios de pr\u00e9stamo <\/strong><\/h2>\n<p><strong><\/strong>\u00bfNecesita apoyo financiero para una hipoteca, una renovaci\u00f3n o la compra de un carro? Consulte nuestras opciones de <a href=\"https:\/\/sunrisebanks.com\/products-and-services\/personal-banking\/mortgage\/\">hipoteca y refinanciamiento<\/a> para clientes de Minnesota y South Dakota. Tambi\u00e9n contamos con <a href=\"https:\/\/sunrisebanks.com\/personal-banking\/home-equity-lines-of-credit\/\">l\u00edneas de cr\u00e9dito con garant\u00eda hipotecaria<\/a> para proyectos de mejoras en el hogar o gastos inesperados, y pr\u00e9stamos para autom\u00f3viles para su pr\u00f3ximo veh\u00edculo.<\/p>\n<p>\u00bfEst\u00e1 buscando asesoramiento financiero? Ofrecemos <a href=\"https:\/\/sunrisebanks.com\/personal-banking\/credit-builder\/\">oportunidades de educaci\u00f3n para construir cr\u00e9dito<\/a> con el fin de ayudarle a aprender y mejorar su cr\u00e9dito para tener mejores h\u00e1bitos bancarios. Tambi\u00e9n ofrecemos pr\u00e9stamos para <a href=\"https:\/\/sunrisebanks.com\/personal-banking\/unsecured-loans\/\">protecci\u00f3n contra sobregiros<\/a> en su cuenta corriente y pr\u00e9stamos sin garant\u00eda.<\/p>\n","items":[{"title":"<a href=\"https:\/\/sunrisebanks.com\/products-and-services\/personal-banking\/mortgage\/\">Hipoteca y Refinanciamiento<\/a>","description":"","icons":false},{"title":"<a href=\"https:\/\/sunrisebanks.com\/personal-banking\/home-equity-lines-of-credit\/\">L\u00ednea de Cr\u00e9dito con Garant\u00eda Hipotecaria<\/a>","description":"","icons":false},{"title":"<a href=\"https:\/\/sunrisebanks.com\/personal-banking\/auto-loans\/\">Pr\u00e9stamos para Autom\u00f3viles<\/a>","description":"","icons":false},{"title":"<a href=\"https:\/\/sunrisebanks.com\/personal-banking\/auto-loans\/\">Pr\u00e9stamos para Autom\u00f3viles<\/a>","description":"","icons":false},{"title":"<a href=\"https:\/\/sunrisebanks.com\/personal-banking\/credit-builder\/\">Programa Credit Builder<\/a>","description":"","icons":false},{"title":"<a href=\"https:\/\/sunrisebanks.com\/personal-banking\/unsecured-loans\/\">Pr\u00e9stamos por Sobregiro y Pr\u00e9stamos sin Garant\u00eda<\/a>","description":"","icons":false}],"outro":""},{"acf_fc_layout":"product_checkmarks","section_id":"","background_color":"gray","copy":"<h2><strong>Acive la conveniente banca digital<\/strong><\/h2>\n<p>Ofrecemos soluciones de banca digital para brindarle acceso financiero conveniente y seguro. Nuestro portal de banca en l\u00ednea y nuestra aplicaci\u00f3n m\u00f3vil le permiten manejar f\u00e1cilmente sus cuentas y le brindan la posibilidad de controlar su dinero 24\/7.<\/p>\n","items":false,"outro":""},{"acf_fc_layout":"product_checkmarks","section_id":"","background_color":"white","copy":"<h2><strong>Maneje sus gastos diarios m\u00e1s f\u00e1cilmente con las tarjetas de Sunrise Banks<\/strong><\/h2>\n<p> Descubra nuestras tarjetas de <a href=\"https:\/\/sunrisebanks.com\/personal-banking\/atm-debit-cards\/\">d\u00e9bito<\/a> y <a href=\"https:\/\/sunrisebanks.com\/personal-banking\/credit-cards\/\">cr\u00e9dito<\/a> para hacer posible cualquier transacci\u00f3n. \u00a1Tambi\u00e9n ofrecemos <a href=\"https:\/\/sunrisebanks.com\/personal-banking\/gift-cards\/\">tarjetas de regalo<\/a> para que pueda darle una dulce sorpresa financiera a alguien!<\/p>\n","items":false,"outro":""},{"acf_fc_layout":"product_checkmarks","section_id":"","background_color":"gray","copy":"<h2><strong>Soluciones bancarias adicionales<\/strong><\/h2>\n<p>Brindamos asesor\u00eda financiera gratuita a nuestros clientes a trav\u00e9s de nuestro <a href=\"https:\/\/sunrisebanks.com\/personal-banking\/financial-choice\/\">Programa de Asesor\u00eda Financiera Choice<\/a> para ayudarle a comprender y administrar sus finanzas de modo que sigan por el buen camino.<\/p>\n<p>Y consulte m\u00e1s informaci\u00f3n sobre nuestra <a href=\"https:\/\/sunrisebanks.com\/cdars-fdic-insurance\/\">cobertura de la FDIC<\/a> a trav\u00e9s del servicio CDARS y del servicio <a href=\"https:\/\/sunrisebanks.com\/intrafi-cash-service\/\">IntraFi\u00ae Cash Service<\/a>, que ofrecen seguridad financiera y transparencia en lo que se refiere a la protecci\u00f3n de su dinero.<\/p>\n","items":false,"outro":""}]},"yoast_head":"<!-- This site is optimized with the Yoast SEO plugin v26.4 - https:\/\/yoast.com\/wordpress\/plugins\/seo\/ -->\n<title>Libere su potencial financiero | Banca Personal<\/title>\n<meta name=\"description\" content=\"Cumpla sus objetivos financieros con las soluciones que le ofrece la banca personal de Sunrise Banks. Descubra nuestras opciones de cuentas corrientes, cuentas de ahorros y pr\u00e9stamos con acceso seguro en l\u00ednea y asistencia personalizada.\" \/>\n<meta name=\"robots\" content=\"index, follow, max-snippet:-1, max-image-preview:large, max-video-preview:-1\" \/>\n<link rel=\"canonical\" href=\"https:\/\/sunrisebanks.com\/es\/banca-personal\/\" \/>\n<meta property=\"og:locale\" content=\"es_ES\" \/>\n<meta property=\"og:type\" content=\"article\" \/>\n<meta property=\"og:title\" content=\"Libere su potencial financiero | Banca Personal\" \/>\n<meta property=\"og:description\" content=\"Cumpla sus objetivos financieros con las soluciones que le ofrece la banca personal de Sunrise Banks. Descubra nuestras opciones de cuentas corrientes, cuentas de ahorros y pr\u00e9stamos con acceso seguro en l\u00ednea y asistencia personalizada.\" \/>\n<meta property=\"og:url\" content=\"https:\/\/sunrisebanks.com\/es\/banca-personal\/\" \/>\n<meta property=\"og:site_name\" content=\"Sunrise Banks\" \/>\n<meta property=\"article:publisher\" content=\"https:\/\/www.facebook.com\/SunriseBanks\" \/>\n<meta name=\"twitter:card\" content=\"summary_large_image\" \/>\n<meta name=\"twitter:site\" content=\"@SunriseBanks\" \/>\n<script type=\"application\/ld+json\" class=\"yoast-schema-graph\">{\"@context\":\"https:\/\/schema.org\",\"@graph\":[{\"@type\":\"WebPage\",\"@id\":\"https:\/\/sunrisebanks.com\/es\/banca-personal\/\",\"url\":\"https:\/\/sunrisebanks.com\/es\/banca-personal\/\",\"name\":\"Libere su potencial financiero | Banca Personal\",\"isPartOf\":{\"@id\":\"https:\/\/sunrisebanks.com\/es\/#website\"},\"datePublished\":\"2025-04-24T15:15:26+00:00\",\"description\":\"Cumpla sus objetivos financieros con las soluciones que le ofrece la banca personal de Sunrise Banks. Descubra nuestras opciones de cuentas corrientes, cuentas de ahorros y pr\u00e9stamos con acceso seguro en l\u00ednea y asistencia personalizada.\",\"breadcrumb\":{\"@id\":\"https:\/\/sunrisebanks.com\/es\/banca-personal\/#breadcrumb\"},\"inLanguage\":\"es\",\"potentialAction\":[{\"@type\":\"ReadAction\",\"target\":[\"https:\/\/sunrisebanks.com\/es\/banca-personal\/\"]}]},{\"@type\":\"BreadcrumbList\",\"@id\":\"https:\/\/sunrisebanks.com\/es\/banca-personal\/#breadcrumb\",\"itemListElement\":[{\"@type\":\"ListItem\",\"position\":1,\"name\":\"Home\",\"item\":\"https:\/\/sunrisebanks.com\/es\/\"},{\"@type\":\"ListItem\",\"position\":2,\"name\":\"Banca Personal\"}]},{\"@type\":\"WebSite\",\"@id\":\"https:\/\/sunrisebanks.com\/es\/#website\",\"url\":\"https:\/\/sunrisebanks.com\/es\/\",\"name\":\"Sunrise Banks\",\"description\":\"\",\"publisher\":{\"@id\":\"https:\/\/sunrisebanks.com\/es\/#organization\"},\"potentialAction\":[{\"@type\":\"SearchAction\",\"target\":{\"@type\":\"EntryPoint\",\"urlTemplate\":\"https:\/\/sunrisebanks.com\/es\/?s={search_term_string}\"},\"query-input\":{\"@type\":\"PropertyValueSpecification\",\"valueRequired\":true,\"valueName\":\"search_term_string\"}}],\"inLanguage\":\"es\"},{\"@type\":\"Organization\",\"@id\":\"https:\/\/sunrisebanks.com\/es\/#organization\",\"name\":\"Sunrise Banks\",\"url\":\"https:\/\/sunrisebanks.com\/es\/\",\"logo\":{\"@type\":\"ImageObject\",\"inLanguage\":\"es\",\"@id\":\"https:\/\/sunrisebanks.com\/es\/#\/schema\/logo\/image\/\",\"url\":\"https:\/\/sunrisebanks.com\/wp-content\/uploads\/2025\/02\/SB_Logo_Horizontal_FullColor_Twilight_RGB_website.svg\",\"contentUrl\":\"https:\/\/sunrisebanks.com\/wp-content\/uploads\/2025\/02\/SB_Logo_Horizontal_FullColor_Twilight_RGB_website.svg\",\"width\":240,\"height\":69,\"caption\":\"Sunrise Banks\"},\"image\":{\"@id\":\"https:\/\/sunrisebanks.com\/es\/#\/schema\/logo\/image\/\"},\"sameAs\":[\"https:\/\/www.facebook.com\/SunriseBanks\",\"https:\/\/x.com\/SunriseBanks\",\"https:\/\/www.linkedin.com\/company\/957063\/admin\/\",\"https:\/\/www.instagram.com\/sunrisebanks\/\"]}]}<\/script>\n<!-- \/ Yoast SEO plugin. -->","yoast_head_json":{"title":"Libere su potencial financiero | Banca Personal","description":"Cumpla sus objetivos financieros con las soluciones que le ofrece la banca personal de Sunrise Banks. Descubra nuestras opciones de cuentas corrientes, cuentas de ahorros y pr\u00e9stamos con acceso seguro en l\u00ednea y asistencia personalizada.","robots":{"index":"index","follow":"follow","max-snippet":"max-snippet:-1","max-image-preview":"max-image-preview:large","max-video-preview":"max-video-preview:-1"},"canonical":"https:\/\/sunrisebanks.com\/es\/banca-personal\/","og_locale":"es_ES","og_type":"article","og_title":"Libere su potencial financiero | Banca Personal","og_description":"Cumpla sus objetivos financieros con las soluciones que le ofrece la banca personal de Sunrise Banks. Descubra nuestras opciones de cuentas corrientes, cuentas de ahorros y pr\u00e9stamos con acceso seguro en l\u00ednea y asistencia personalizada.","og_url":"https:\/\/sunrisebanks.com\/es\/banca-personal\/","og_site_name":"Sunrise Banks","article_publisher":"https:\/\/www.facebook.com\/SunriseBanks","twitter_card":"summary_large_image","twitter_site":"@SunriseBanks","schema":{"@context":"https:\/\/schema.org","@graph":[{"@type":"WebPage","@id":"https:\/\/sunrisebanks.com\/es\/banca-personal\/","url":"https:\/\/sunrisebanks.com\/es\/banca-personal\/","name":"Libere su potencial financiero | Banca Personal","isPartOf":{"@id":"https:\/\/sunrisebanks.com\/es\/#website"},"datePublished":"2025-04-24T15:15:26+00:00","description":"Cumpla sus objetivos financieros con las soluciones que le ofrece la banca personal de Sunrise Banks. Descubra nuestras opciones de cuentas corrientes, cuentas de ahorros y pr\u00e9stamos con acceso seguro en l\u00ednea y asistencia personalizada.","breadcrumb":{"@id":"https:\/\/sunrisebanks.com\/es\/banca-personal\/#breadcrumb"},"inLanguage":"es","potentialAction":[{"@type":"ReadAction","target":["https:\/\/sunrisebanks.com\/es\/banca-personal\/"]}]},{"@type":"BreadcrumbList","@id":"https:\/\/sunrisebanks.com\/es\/banca-personal\/#breadcrumb","itemListElement":[{"@type":"ListItem","position":1,"name":"Home","item":"https:\/\/sunrisebanks.com\/es\/"},{"@type":"ListItem","position":2,"name":"Banca Personal"}]},{"@type":"WebSite","@id":"https:\/\/sunrisebanks.com\/es\/#website","url":"https:\/\/sunrisebanks.com\/es\/","name":"Sunrise Banks","description":"","publisher":{"@id":"https:\/\/sunrisebanks.com\/es\/#organization"},"potentialAction":[{"@type":"SearchAction","target":{"@type":"EntryPoint","urlTemplate":"https:\/\/sunrisebanks.com\/es\/?s={search_term_string}"},"query-input":{"@type":"PropertyValueSpecification","valueRequired":true,"valueName":"search_term_string"}}],"inLanguage":"es"},{"@type":"Organization","@id":"https:\/\/sunrisebanks.com\/es\/#organization","name":"Sunrise Banks","url":"https:\/\/sunrisebanks.com\/es\/","logo":{"@type":"ImageObject","inLanguage":"es","@id":"https:\/\/sunrisebanks.com\/es\/#\/schema\/logo\/image\/","url":"https:\/\/sunrisebanks.com\/wp-content\/uploads\/2025\/02\/SB_Logo_Horizontal_FullColor_Twilight_RGB_website.svg","contentUrl":"https:\/\/sunrisebanks.com\/wp-content\/uploads\/2025\/02\/SB_Logo_Horizontal_FullColor_Twilight_RGB_website.svg","width":240,"height":69,"caption":"Sunrise Banks"},"image":{"@id":"https:\/\/sunrisebanks.com\/es\/#\/schema\/logo\/image\/"},"sameAs":["https:\/\/www.facebook.com\/SunriseBanks","https:\/\/x.com\/SunriseBanks","https:\/\/www.linkedin.com\/company\/957063\/admin\/","https:\/\/www.instagram.com\/sunrisebanks\/"]}]}},"_links":{"self":[{"href":"https:\/\/sunrisebanks.com\/es\/wp-json\/wp\/v2\/pages\/20580","targetHints":{"allow":["GET"]}}],"collection":[{"href":"https:\/\/sunrisebanks.com\/es\/wp-json\/wp\/v2\/pages"}],"about":[{"href":"https:\/\/sunrisebanks.com\/es\/wp-json\/wp\/v2\/types\/page"}],"author":[{"embeddable":true,"href":"https:\/\/sunrisebanks.com\/es\/wp-json\/wp\/v2\/users\/55"}],"replies":[{"embeddable":true,"href":"https:\/\/sunrisebanks.com\/es\/wp-json\/wp\/v2\/comments?post=20580"}],"version-history":[{"count":0,"href":"https:\/\/sunrisebanks.com\/es\/wp-json\/wp\/v2\/pages\/20580\/revisions"}],"wp:attachment":[{"href":"https:\/\/sunrisebanks.com\/es\/wp-json\/wp\/v2\/media?parent=20580"}],"wp:term":[{"taxonomy":"offering","embeddable":true,"href":"https:\/\/sunrisebanks.com\/es\/wp-json\/wp\/v2\/offering?post=20580"}],"curies":[{"name":"wp","href":"https:\/\/api.w.org\/{rel}","templated":true}]}}